{"id":1138,"date":"2020-09-24T18:36:22","date_gmt":"2020-09-24T16:36:22","guid":{"rendered":"https:\/\/traumbeute.de\/berliner-rittergilde"},"modified":"2022-12-30T14:40:24","modified_gmt":"2022-12-30T13:40:24","slug":"berliner-rittergilde","status":"publish","type":"page","link":"https:\/\/traumbeute.de\/en\/berliner-rittergilde","title":{"rendered":"Berliner Rittergilde"},"content":{"rendered":"<p>Wir danken der <a href=\"https:\/\/www.berliner-rittergilde.de\/\" rel=\"noopener\" target=\"_blank\">Berliner Rittergilde<\/a> herzlich f\u00fcr die Unterst\u00fctzung unseres Projektes, f\u00fcr freundliche Tipps und die Erlaubnis, Ausr\u00fcstungsgegenst\u00e4nde als Requisiten in Filmen und Fotos zu Nutzen! Und wir freuen uns auf einen Besuch in der Schmiede in der Gutswache Zernikow!<\/p>\n<p><img loading=\"lazy\" decoding=\"async\" src=\"http:\/\/traumbeute.de\/wp-content\/uploads\/2020\/09\/noemi_foto_003_800x450.jpg\" alt=\"\" width=\"800\" height=\"450\" class=\"alignnone size-full wp-image-439\" srcset=\"https:\/\/traumbeute.de\/wp-content\/uploads\/2020\/09\/noemi_foto_003_800x450.jpg 800w, https:\/\/traumbeute.de\/wp-content\/uploads\/2020\/09\/noemi_foto_003_800x450-192x108.jpg 192w, https:\/\/traumbeute.de\/wp-content\/uploads\/2020\/09\/noemi_foto_003_800x450-384x216.jpg 384w, https:\/\/traumbeute.de\/wp-content\/uploads\/2020\/09\/noemi_foto_003_800x450-768x432.jpg 768w\" sizes=\"(max-width: 800px) 100vw, 800px\" \/><\/p>\n","protected":false},"excerpt":{"rendered":"<p>Wir danken der Berliner Rittergilde herzlich f\u00fcr die Unterst\u00fctzung unseres Projektes, f\u00fcr freundliche Tipps und<a class=\"moretag\" href=\"https:\/\/traumbeute.de\/en\/berliner-rittergilde\"> [&#8230;]<\/a><\/p>\n","protected":false},"author":1,"featured_media":0,"parent":0,"menu_order":0,"comment_status":"closed","ping_status":"closed","template":"","meta":{"footnotes":""},"_links":{"self":[{"href":"https:\/\/traumbeute.de\/en\/wp-json\/wp\/v2\/pages\/1138"}],"collection":[{"href":"https:\/\/traumbeute.de\/en\/wp-json\/wp\/v2\/pages"}],"about":[{"href":"https:\/\/traumbeute.de\/en\/wp-json\/wp\/v2\/types\/page"}],"author":[{"embeddable":true,"href":"https:\/\/traumbeute.de\/en\/wp-json\/wp\/v2\/users\/1"}],"replies":[{"embeddable":true,"href":"https:\/\/traumbeute.de\/en\/wp-json\/wp\/v2\/comments?post=1138"}],"version-history":[{"count":1,"href":"https:\/\/traumbeute.de\/en\/wp-json\/wp\/v2\/pages\/1138\/revisions"}],"predecessor-version":[{"id":1141,"href":"https:\/\/traumbeute.de\/en\/wp-json\/wp\/v2\/pages\/1138\/revisions\/1141"}],"wp:attachment":[{"href":"https:\/\/traumbeute.de\/en\/wp-json\/wp\/v2\/media?parent=1138"}],"curies":[{"name":"wp","href":"https:\/\/api.w.org\/{rel}","templated":true}]}}