{"id":1143,"date":"2020-05-22T10:50:55","date_gmt":"2020-05-22T08:50:55","guid":{"rendered":"https:\/\/traumbeute.de\/datenschutz"},"modified":"2022-12-30T14:41:57","modified_gmt":"2022-12-30T13:41:57","slug":"datenschutz","status":"publish","type":"page","link":"https:\/\/traumbeute.de\/en\/datenschutz","title":{"rendered":"Datenschutz"},"content":{"rendered":"<p><strong>Datenschutzerkl\u00e4rung<\/strong><\/p>\n<p>Rechtliche Hinweise<\/p>\n<p>1. Datenschutzerkl\u00e4rung<\/p>\n<p>Mit Ihrem Besuch unserer Homepage werden teilweise sogenannte personenbezogene Daten gespeichert. Sicherheit und Transparenz der Datenverarbeitung sind uns ein wichtiges Anliegen. Deshalb informieren wir Sie nachfolgend \u00fcber den Zweck, die Art und Rechtsgrundlagen der Datenverarbeitung.<\/p>\n<p>Unsere Informationen beziehen sich allein auf unsere Website sowie m\u00f6gliche Unterseiten. Unsere Website kann Links auf Websites von anderen Anbietern enthalten. F\u00fcr die Websites anderer Anbieter gilt unserere Datenschutzerkl\u00e4rung nicht. Falls Sie unsere Website \u00fcber einen entsprechenden Link verlassen, informieren Sie sich bitte auf der Ziel-Website \u00fcber den Datenschutz ihres Anbieters.<\/p>\n<p>2. Personenbezogene Daten<\/p>\n<p>Personenbezogene Daten sind alle Einzelangaben \u00fcber pers\u00f6nliche oder sachliche Verh\u00e4ltnisse einer bestimmten oder bestimmbaren nat\u00fcrlichen Person (\u00a7 3 Abs. 1 Bundesdatenschutzgesetz). Es sind s\u00e4mtliche Informationen, die sich auf eine identifizierte oder identifizierbare nat\u00fcrliche Person beziehen (Art. 4 Abs. 1 EU-Datenschutzgrundverordnung. Im Folgenden EU-DSGVO). Genannt seien hier z. B. der Name, die Anschrift, die E-Mail-Adresse, die Telefonnummer und wohl auch die IP-Adresse. Hingegen handelt es sich nicht um personenbezogene Daten, wenn die Informationen keinen R\u00fcckschluss auf Ihre Identit\u00e4t zulassen. Hierunter f\u00e4llt zum Beispiel die Angabe des Alters, ohne konkreten Bezug zu Ihrer Person.<\/p>\n<p>3. Erhebung und Speicherung von personenbezogenen und nicht personenbezogenen Daten<\/p>\n<p>a. Besuch der Website<br \/>\nDurch den Besuch unserer Website www.fraktalwerk.de werden durch den auf Ihrem Endger\u00e4t genutzten Browser Daten erhoben. Diese werden automatisch an den Server unserer Website \u00fcbermittelt. Die Informationen werden tempor\u00e4r in einem sog. Log-File gespeichert. Folgende Informationen werden dabei ohne Ihr Zutun erfasst und bis zur automatisierten L\u00f6schung gespeichert:<\/p>\n<p>\u2022 Browsertyp und -version,<\/p>\n<p>\u2022 verwendetes Betriebssystem,<\/p>\n<p>\u2022 Referrer URL (die zuvor besuchte Seite),<\/p>\n<p>\u2022 IP-Adresse des zugreifenden Rechners,<\/p>\n<p>\u2022 Zugriffsdatum und \u2013uhrzeit der Serveranfrage,<\/p>\n<p>\u2022 Dateiname und URL (Dateianfrage des Client).<\/p>\n<p>In keinem Fall werden durch den Besuch der Website erhobene Daten verwendet, um R\u00fcckschl\u00fcsse auf Ihre Person zu ziehen.<\/p>\n<p>b. Kontaktaufnahme zu uns per E-Mail<br \/>\nSofern Sie uns per E-Mail kontaktieren, ist die Angabe Ihrer E-Mail-Adresse erforderlich. Ihre E-Mail-Adresse wird in dem Falle gespeichert. Weitere Angaben sind freiwillig.<\/p>\n<p>Falls durch Sie per E-Mail an uns \u00fcbermittelte personenbezogene Daten von uns verarbeitet werden, dann werden diese nach Erledigung der von Ihnen gestellten Anfrage automatisch gel\u00f6scht, sofern keine gesetzliche Pflicht zur Aufbewahrung besteht.<\/p>\n<p>Sie werden darauf hingewiesen, dass E-Mails auf dem \u00dcbertragungsweg unbefugt und unbemerkt mitgelesen oder ver\u00e4ndert werden k\u00f6nnen. Sie werden darauf hingewiesen, dass Sie f\u00fcr die sichere \u00dcbermittlung personenbezogener Daten per E-Mail verantwortlich sind und dass Sie ggf. im Zweifelsfall einen sicheren alternativen Weg der Daten\u00fcbermittlung w\u00e4hlen m\u00fcssen.<\/p>\n<p>c. Weitere Datenverarbeitung<br \/>\nNeben den soeben benannten Daten setzen wir ggf. dauerhaft oder tempor\u00e4r auf unserer Website weder Cookies noch Analysedienste ein.<\/p>\n<p>4. Art und Zweck der Verwendung<\/p>\n<p>Die unter 2. genannten Daten werden durch uns zu folgenden Zwecken verarbeitet:<\/p>\n<p>a. Besuch der Website<br \/>\n\u2022 Gew\u00e4hrleistung eines reibungslosen Verbindungsaufbaus der Website,<\/p>\n<p>\u2022 Gew\u00e4hrleistung einer komfortablen Nutzung der Website,<\/p>\n<p>\u2022 Auswertung der Systemsicherheit und -stabilit\u00e4t,<\/p>\n<p>\u2022 zu weiteren administrativen Zwecken.<\/p>\n<p>b. Kontaktaufnahme zu uns per E-Mail<br \/>\n\u2022 Zuordnung, von wem die Anfrage kommt, um diese beantworten zu k\u00f6nnen.<\/p>\n<p>5. Rechtsgrundlage f\u00fcr die Datenverarbeitung<\/p>\n<p>a. Besuch der Website<br \/>\nDie Rechtsgrundlage f\u00fcr die Datenverarbeitung durch die Kontaktaufnahme per E-Mail ist Art. 6 Abs. 1 S. 1 lit. a EU-DSGVO, da Sie insoweit durch die Kontaktaufnahme freiwillig Ihre Einwilligung zur Verarbeitung Ihrer E-Mail-Adresse sowie etwaiger weiterer Angaben erteilen.<\/p>\n<p>6. Weitergabe der Daten an Dritte<\/p>\n<p>Ihre pers\u00f6nlichen Daten sind bei uns sicher. Wir geben diese grunds\u00e4tzlich nur an bestimmte Dritte weiter, wenn dies gesetzlich erlaubt ist oder Sie eingewilligt haben.<\/p>\n<p>7. Ihre Rechte<\/p>\n<p>a. Recht auf Auskunft<br \/>\nGem\u00e4\u00df Art. 15 EU-DSGVO haben Sie das Recht, die unentgeltliche Auskunft \u00fcber Ihre bei uns gespeicherten personenbezogenen Daten zu verlangen. Auf Anforderung werden wir Ihnen entsprechend geltendem Recht in schriftlicher Form mitteilen, welche personenbezogenen Daten wir \u00fcber Sie gespeichert haben. Insbesondere k\u00f6nnen Sie Auskunft \u00fcber die Verarbeitungszwecke, die Kategorie der personenbezogenen Daten, die Kategorien von Empf\u00e4ngern, gegen\u00fcber denen Ihre Daten offengelegt wurden oder werden, die geplante Speicherdauer, das Bestehen eines Rechts auf Berichtigung, L\u00f6schung, Einschr\u00e4nkung der Verarbeitung oder Widerspruch, das Bestehen eines Beschwerderechts, die Herkunft Ihrer Daten, sofern diese nicht bei uns erhoben wurden, sowie \u00fcber das Bestehen einer automatisierten Entscheidungsfindung einschlie\u00dflich Profiling und ggf. aussagekr\u00e4ftigen Informationen zu deren Einzelheiten verlangen.<\/p>\n<p>b. Recht auf Berichtigung<\/p>\n<p>Gem. Art. 16 EU-DSGVO haben Sie das Recht, die Berichtigung Sie betreffender und bei uns gespeicherter unrichtiger oder unvollst\u00e4ndiger personenbezogener Daten durch uns zu verlangen.<\/p>\n<p>c. Recht auf L\u00f6schung<\/p>\n<p>Gem. Art. 17 EU-DSGVO haben Sie das Recht die L\u00f6schung Ihrer bei uns gespeicherter personenbezogener Daten zu verlangen, soweit nicht die Verarbeitung zur Aus\u00fcbung des Rechts auf freie Meinungs\u00e4u\u00dferung und Information, zur Erf\u00fcllung einer rechtlichen Verpflichtung, aus Gr\u00fcnden des \u00f6ffentlichen Interesses oder zur Geltendmachung, Aus\u00fcbung oder Verteidigung von Rechtsanspr\u00fcchen erforderlich ist.<\/p>\n<p>d. Recht auf Einschr\u00e4nkung der Verarbeitung<\/p>\n<p>Gem. Art. 18 EU-DSGVO haben Sie das Recht, die Einschr\u00e4nkung der Verarbeitung Ihrer personenbezogenen Daten zu verlangen, soweit die Richtigkeit der Daten von Ihnen bestritten wird, die Verarbeitung unrechtm\u00e4\u00dfig ist, Sie aber deren L\u00f6schung ablehnen und wir die Daten nicht mehr ben\u00f6tigen, Sie jedoch diese zur Geltendmachung, Aus\u00fcbung oder Verteidigung von Rechtsanspr\u00fcchen ben\u00f6tigen oder Sie gem\u00e4\u00df Art. 21 EU-DSGVO Widerspruch gegen die Verarbeitung eingelegt haben.<\/p>\n<p>e. Recht auf Daten\u00fcbertragbarkeit<\/p>\n<p>Gem. Art. 20 EU-DSGVO haben Sie das Recht, Ihre personenbezogenen Daten, die Sie uns bereitgestellt haben, in einem strukturierten, g\u00e4ngigen und maschinenlesbaren Format zu erhalten oder die \u00dcbermittlung an einen anderen Verantwortlichen zu verlangen.<\/p>\n<p>f. Recht auf Widerruf der Einwilligung<\/p>\n<p>Die Verarbeitung Ihrer Daten erfolgt auf Basis von gesetzlichen Befugnissen. Soweit wir Ihre Daten in Ausnahmef\u00e4llen aufgrund einer Einwilligung verarbeiten, haben Sie jederzeit das Recht, diese Einwilligung uns gegen\u00fcber zu widerrufen (Art. 7 Abs. 3 DSGVO). Dies hat zur Folge, dass wir die Datenverarbeitung, die auf dieser Einwilligung beruhte, f\u00fcr die Zukunft nicht mehr fortf\u00fchren d\u00fcrfen.<\/p>\n<p>g. Recht auf Beschwerde bei der Aufsichtsbeh\u00f6rde<\/p>\n<p>Gem. Art. 77 EU-DSGVO haben Sie das Recht, sich bei der zust\u00e4ndigen Aufsichtsbeh\u00f6rde zu beschweren. In der Regel k\u00f6nnen Sie sich hierf\u00fcr an die Aufsichtsbeh\u00f6rde Ihres \u00fcblichen Aufenthaltsortes wenden.<\/p>\n<p>8. Recht auf Widerspruch<\/p>\n<p>Gem. Art. 21 EU-DSGVO haben Sie das Recht, der Verarbeitung Ihrer personenbezogenen Daten durch uns auf Grundlage von berechtigten Interessen gem. Art. 6 Abs. 1 S. 1 lit. f EU-DSGVO (vgl. obige Ausf\u00fchrungen unter Ziffer 4 lit. a, c. und d.) zu widersprechen, soweit daf\u00fcr Gr\u00fcnde vorliegen, die sich aus Ihrer besonderen Situation ergeben oder sich der Widerspruch gegen Direktwerbung richtet. Im letzteren Fall haben Sie ein generelles Widerspruchsrecht, das ohne Angabe einer besonderen Situation von uns umgesetzt wird. Sofern Sie von Ihrem Widerspruchsrecht Gebrauch machen, gen\u00fcgt eine E-Mail an office@Fraktalwerk.de.<\/p>\n<p>9. Datensicherheit<\/p>\n<p>Wir setzen gem\u00e4\u00df Art. 32 Abs. 1 EU-DSGVO zur Sicherheit bei der Verarbeitung von Daten technische und organisatorische Ma\u00dfnahmen ein, um pers\u00f6nlichen Daten durch zuf\u00e4llige oder vors\u00e4tzliche Manipulationen, Verlust, Zerst\u00f6rung oder den Zugriff unberechtigter Personen zu sch\u00fctzen. Die im Einsatz befindlichen Sicherheitsma\u00dfnahmen werden entsprechend der technologischen Entwicklung fortlaufend verbessert. Bitte bedenken Sie allerdings, dass keine Internet\u00fcbertragung absolute Sicherheit garantiert oder fehlerfrei ist. Insbesondere E-Mails, die an oder von dieser Website geschickt werden, k\u00f6nnen unsicher sein.<\/p>\n<p>10. Aktualit\u00e4t und \u00c4nderung dieser Datenschutzerkl\u00e4rung<\/p>\n<p>Diese Datenschutzerkl\u00e4rung ist aktuell g\u00fcltig und hat den Stand Mai 2018. Durch die Weiterentwicklung unserer Website und Angebote dar\u00fcber oder aufgrund ge\u00e4nderter gesetzlicher beziehungsweise beh\u00f6rdlicher Vorgaben kann es notwendig werden, diese Datenschutzerkl\u00e4rung zu \u00e4ndern. Die jeweils aktuelle Datenschutzerkl\u00e4rung kann jederzeit auf der Website unter http:\/\/www.fraktalwerk.de\/datenschutz.html von Ihnen abgerufen und ausgedruckt werden.<\/p>\n<p>11. Name und Kontaktdaten des f\u00fcr die Verarbeitung Verantwortlichen<\/p>\n<p>Die obige Datenschutz-Information gilt f\u00fcr die Datenverarbeitung durch:<\/p>\n<p>Verantwortlich:<\/p>\n<p>Susanne Kretzer, Florastr. 4, 13187 Berlin<\/p>\n<p>E-Mail: office(at)fraktalwerk.de<\/p>\n<p>Telefon: 030 49 00 19 83<\/p>\n<p><a href=\"http:\/\/traumbeute.de\/wp-content\/uploads\/2020\/05\/Datenschutzerklaerung_Fraktalwerk_2018.pdf\">Download Datenschutzerkl\u00e4rung PDF<\/a><\/p>\n","protected":false},"excerpt":{"rendered":"<p>Datenschutzerkl\u00e4rung Rechtliche Hinweise 1. Datenschutzerkl\u00e4rung Mit Ihrem Besuch unserer Homepage werden teilweise sogenannte personenbezogene Daten<a class=\"moretag\" href=\"https:\/\/traumbeute.de\/en\/datenschutz\"> [&#8230;]<\/a><\/p>\n","protected":false},"author":1,"featured_media":0,"parent":0,"menu_order":0,"comment_status":"closed","ping_status":"closed","template":"","meta":{"footnotes":""},"_links":{"self":[{"href":"https:\/\/traumbeute.de\/en\/wp-json\/wp\/v2\/pages\/1143"}],"collection":[{"href":"https:\/\/traumbeute.de\/en\/wp-json\/wp\/v2\/pages"}],"about":[{"href":"https:\/\/traumbeute.de\/en\/wp-json\/wp\/v2\/types\/page"}],"author":[{"embeddable":true,"href":"https:\/\/traumbeute.de\/en\/wp-json\/wp\/v2\/users\/1"}],"replies":[{"embeddable":true,"href":"https:\/\/traumbeute.de\/en\/wp-json\/wp\/v2\/comments?post=1143"}],"version-history":[{"count":1,"href":"https:\/\/traumbeute.de\/en\/wp-json\/wp\/v2\/pages\/1143\/revisions"}],"predecessor-version":[{"id":1145,"href":"https:\/\/traumbeute.de\/en\/wp-json\/wp\/v2\/pages\/1143\/revisions\/1145"}],"wp:attachment":[{"href":"https:\/\/traumbeute.de\/en\/wp-json\/wp\/v2\/media?parent=1143"}],"curies":[{"name":"wp","href":"https:\/\/api.w.org\/{rel}","templated":true}]}}