{"id":1172,"date":"2020-07-02T20:18:22","date_gmt":"2020-07-02T18:18:22","guid":{"rendered":"https:\/\/traumbeute.de\/frank-werner-pilgram-ein-friedhof-mitten-im-wald"},"modified":"2022-12-31T13:57:32","modified_gmt":"2022-12-31T12:57:32","slug":"frank-werner-pilgram-ein-friedhof-mitten-im-wald","status":"publish","type":"page","link":"https:\/\/traumbeute.de\/en\/frank-werner-pilgram-ein-friedhof-mitten-im-wald","title":{"rendered":"Frank Werner Pilgram: A churchyard in the middle of the forest"},"content":{"rendered":"\n<p>Unfortunately, a translation is not yet available. We are working on it.<\/p>\n\n\n\n<p><strong>17.05.2020<\/strong><\/p>\n\n\n\n<p><strong>Frank Werner Pilgram: Deutung des Traums <a href=\"http:\/\/traumbeute.de\/ein-kirchhof-mitten-im-wald\">&#8220;Ein Kirchhof mitten im Wald&#8221;<\/a><\/strong><\/p>\n\n\n\n<figure class=\"wp-block-image\"><img loading=\"lazy\" decoding=\"async\" width=\"1000\" height=\"631\" src=\"http:\/\/traumbeute.de\/wp-content\/uploads\/2020\/07\/Botticelli_Gastmahl-1.jpg\" alt=\"\" class=\"wp-image-366\" srcset=\"https:\/\/traumbeute.de\/wp-content\/uploads\/2020\/07\/Botticelli_Gastmahl-1.jpg 1000w, https:\/\/traumbeute.de\/wp-content\/uploads\/2020\/07\/Botticelli_Gastmahl-1-171x108.jpg 171w, https:\/\/traumbeute.de\/wp-content\/uploads\/2020\/07\/Botticelli_Gastmahl-1-342x216.jpg 342w, https:\/\/traumbeute.de\/wp-content\/uploads\/2020\/07\/Botticelli_Gastmahl-1-768x485.jpg 768w\" sizes=\"(max-width: 1000px) 100vw, 1000px\" \/><\/figure>\n\n\n\n<p>Sandro Botticelli &#8220;Das Gastmahl des Nastagio Degli Onesti. 1. Episode\u201c (1483). Prado, Madrid<\/p>\n\n\n\n<figure class=\"wp-block-image\"><img loading=\"lazy\" decoding=\"async\" width=\"1024\" height=\"602\" src=\"http:\/\/traumbeute.de\/wp-content\/uploads\/2020\/07\/Botticelli_Gastmahl-2.jpg\" alt=\"\" class=\"wp-image-358\" srcset=\"https:\/\/traumbeute.de\/wp-content\/uploads\/2020\/07\/Botticelli_Gastmahl-2.jpg 1024w, https:\/\/traumbeute.de\/wp-content\/uploads\/2020\/07\/Botticelli_Gastmahl-2-184x108.jpg 184w, https:\/\/traumbeute.de\/wp-content\/uploads\/2020\/07\/Botticelli_Gastmahl-2-367x216.jpg 367w, https:\/\/traumbeute.de\/wp-content\/uploads\/2020\/07\/Botticelli_Gastmahl-2-768x452.jpg 768w\" sizes=\"(max-width: 1024px) 100vw, 1024px\" \/><\/figure>\n\n\n\n<p>Sandro Botticelli &#8220;Das Gastmahl des Nastagio Degli Onesti. 2. Episode\u201c (1483). Prado, Madrid<\/p>\n\n\n\n<figure class=\"wp-block-image\"><img loading=\"lazy\" decoding=\"async\" width=\"1024\" height=\"592\" src=\"http:\/\/traumbeute.de\/wp-content\/uploads\/2020\/07\/Botticelli_Gastmahl-3.jpg\" alt=\"\" class=\"wp-image-360\" srcset=\"https:\/\/traumbeute.de\/wp-content\/uploads\/2020\/07\/Botticelli_Gastmahl-3.jpg 1024w, https:\/\/traumbeute.de\/wp-content\/uploads\/2020\/07\/Botticelli_Gastmahl-3-187x108.jpg 187w, https:\/\/traumbeute.de\/wp-content\/uploads\/2020\/07\/Botticelli_Gastmahl-3-374x216.jpg 374w, https:\/\/traumbeute.de\/wp-content\/uploads\/2020\/07\/Botticelli_Gastmahl-3-768x444.jpg 768w\" sizes=\"(max-width: 1024px) 100vw, 1024px\" \/><\/figure>\n\n\n\n<p>Sandro Botticelli &#8220;Das Gastmahl des Nastagio Degli Onesti. 3. Episode\u201c (1483). Prado, Madrid<\/p>\n\n\n\n<p>Liebe S<\/p>\n\n\n\n<p>um keiner Chim\u00e4re aufzusitzen ist vorauszuschicken, da\u00df Traumdeutungen bekanntlich ohne die freien Assoziationen des Tr\u00e4umers, die Kenntnis des Tagesrestes und der \u00dcbertragungssituation per se zum Scheitern verurteilt sind. Prousts in der Recherche auf das Kunstwerk gem\u00fcnzte Diktum, \u201eIn Wirklichkeit ist jeder Leser, wenn er liest, ein Leser nur seiner selbst\u201c, gilt umso mehr f\u00fcr jede Verhandlung des schriftlich fixierten und \u00fcbermittelten Traums. Wenn der Klippe des Deuterzentrismus schon nicht zu entgehen ist, so lie\u00dfe sich doch zumindest ein Schiffbruch mit Sirenen versuchen, indem die \u00e4sthetische Verk\u00f6rperung als Leitfaden der Interpretation dient.<\/p>\n\n\n\n<p>Folgt man mithin, wie es die Decamerone-Situation Anno 2020 wohl nahelegt, der poetischen Einladung, so schl\u00e4gt die Erz\u00e4hlung auf h\u00f6herer und tieferer Ebene, der von Form und Material, die Augen auf: Statt in abgetretenen, psychologisierenden Bahnen zu spuren, stolpern wir mit dem Prinzen Ahmed und der Fee Pari Banu auf den fliegenden Teppich, der uns in die d\u00fcsteren R\u00e4ume der Kindheit tr\u00e4gt, oder reiben mit Aladin an der Wunderlampe, um uns wie die Prinzessin Bedrulbudur in tausendundeiner Hochzeitsnacht im Schlaf durch Zeit und Luft entf\u00fchren zu lassen. Und ist es nicht das Pergament als Palimpsest, in dem das Licht des alten Kronleuchters die nur oberfl\u00e4chlich gel\u00f6schten Zeichen einer fr\u00fcheren Schrift sichtbar macht? So infiziert uns das Leuchten der Corona mit dem \u00fcbersch\u00fcssigen Rand eines Begehrens, dessen Zentrum verdunkelt bleibt, das aber \u00fcber die eingerollte imagin\u00e4re Br\u00fccke zum Aufrollen des Traums treibt. Es w\u00e4re nicht m\u00f6glich ohne die tastende R\u00fcckversicherung am alten Halbrund der Mutter, jenem ersten M\u00f6bel in der Welt des gefallenen Neugeborenen, in dem Bertram Lewin ebenso hellsichtig wie einf\u00fchlsam die \u201eDream screen\u201c erkannt hat.<\/p>\n\n\n\n<p>War es nicht auch ein gro\u00dfer Vater unserer Disziplin in Z\u00fcrich, Fritz Morgenthaler, der die prim\u00e4re psychoanalytische Situation als einen nach langem Gastmahl verlassenen, unaufger\u00e4umten Tisch beschrieb und die Aufgabe der Kur damit als Rekonstruktion der Teilnehmer, ihrer Geschichten, Beziehungen, Leidenschaften und Gespr\u00e4che? Das Imagin\u00e4re spricht, da es aus lebensgeschichtlicher Fr\u00fche kommt, im Bild, und daher ist es nur konsequent, beim zweiten Anlauf in ein solches Imago zu st\u00fcrzen. Auch Carrolls Alice und Cocteaus Orphee betreten die Unterwelt der abgeschiedenen Lieben durch den Spiegel, dort begegnen wir der Hochzeit unseres Entstehens, die uns zu ewiger \u00dcbersetzung sei\u2019s verdammt, sei\u2019s verf\u00fchrt:<\/p>\n\n\n\n<p>\u201eImmer wieder, ob wir der Liebe Landschaft auch kennen<br>und den kleinen Kirchhof mit seinen klagenden Namen<br>und die furchtbar verschweigende Schlucht, in welcher die anderen<br>enden: immer wieder gehn wir zu zweien hinaus<br>unter die alten B\u00e4ume, lagern uns immer wieder<br>zwischen die Blumen, gegen\u00fcber dem Himmel.\u201c<br>(Rainer Maria Rilke)<\/p>\n\n\n\n<p>Die erste gegengeschlechtliche Liebe im Leben des M\u00e4dchens ist der Vater, an ihn adressiert es sein gr\u00f6\u00dftes Geschenk, den Heiratswunsch, durch den es sich in Identifikation mit der Mutter an deren Stelle in die Urszene tr\u00e4umt. Doch ach, auch die erneute Landung auf dem Boden der Realen ist hart: Statt das ihr s\u00fc\u00dfe Sonne lacht, droht schon die ewige Nacht. Denn die Erkenntnis des Todes hat uns aus dem Paradies vertrieben und zu gefallenen Engeln gemacht, die Sterblichkeit ist das Fundamentum in re, auf dem das Inzesttabu gr\u00fcndet, denn die Eltern sterben im Gang des Schicksals vor den Kindern.<\/p>\n\n\n\n<p>\u201eJosef K. tr\u00e4umte:<\/p>\n\n\n\n<p>Es war ein sch\u00f6ner Tag und K. wollte spazierengehen. Kaum aber hatte er zwei Schritte gemacht, war er schon auf dem Friedhof.\u201c<\/p>\n\n\n\n<p>Vielleicht da\u00df wir wie Kafkas Traumk\u00fcnstler, wenn auch nicht jede Nacht, so doch zumindest einmal in jenen tiefsten Scho\u00df, in Hochzeitsgemach und Grab der Eltern, zum Nabel der Welt hinabm\u00fcssen, um unseren eigenen Signifikanten, den Namen, den nicht sie uns gegeben, sondern jenen, den wir uns gemacht haben, auf dem Grabstein lesen zu k\u00f6nnen?<\/p>\n\n\n\n<p>Durch das zweideutige Gift der Schlange und das notwendige, konstitutive Verbot wird unser Wunsch h\u00e4\u00dflich und b\u00f6se, als Ziege und Bock, das Tier mit den vier Armen und vier Beinen, reiten wir fortan in allen Sturmh\u00f6hen zur H\u00f6lle, und das wiedergefundene Paradies w\u00e4re nach Kleist bestenfalls im Jenseits dar\u00fcber hinaus zu denken.<\/p>\n\n\n\n<p>Wie H\u00e4nsel und Gretel irrt unsere verschm\u00e4hte und nun verschm\u00e4hende Heldin durch den Wald, auf der Suche nach einer Lichtung, um sich schlie\u00dflich auch noch in Rotk\u00e4ppchen zu verwandeln, denn von hinten hetzen sie nun die W\u00f6lfe wie der Cherub mit dem Flammenschwert den S\u00fcnder. Auch der Verschiebungsversuch auf den vielfachen Kinderwunsch ist angesichts der einmal entfesselten Treibmacht zum Scheitern verurteilt, denn selbst in Kaninchengestalt ist es a immer noch der vom Vater ersehnte Nachwuchs, so da\u00df sich die kleinen Fruchtbarkeitsverk\u00f6rperungen konsequent mit den jagenden W\u00f6lfen verbinden und deren Kraft nur noch verdoppeln.<\/p>\n\n\n\n<p><a href=\"https:\/\/www.zazzle.at\/store\/crookedwide\" target=\"_blank\" rel=\"noopener noreferrer\">T-shirt-Image von Zazzle, crookedwide, VA, USA<\/a><\/p>\n\n\n\n<figure class=\"wp-block-image\"><img loading=\"lazy\" decoding=\"async\" width=\"1024\" height=\"518\" src=\"http:\/\/traumbeute.de\/wp-content\/uploads\/2020\/07\/Francesco-del-Cossa_April.jpg\" alt=\"\" class=\"wp-image-365\" srcset=\"https:\/\/traumbeute.de\/wp-content\/uploads\/2020\/07\/Francesco-del-Cossa_April.jpg 1024w, https:\/\/traumbeute.de\/wp-content\/uploads\/2020\/07\/Francesco-del-Cossa_April-192x97.jpg 192w, https:\/\/traumbeute.de\/wp-content\/uploads\/2020\/07\/Francesco-del-Cossa_April-384x194.jpg 384w, https:\/\/traumbeute.de\/wp-content\/uploads\/2020\/07\/Francesco-del-Cossa_April-768x389.jpg 768w\" sizes=\"(max-width: 1024px) 100vw, 1024px\" \/><\/figure>\n\n\n\n<p>Francesco del Cossa \u201eAllegorie des April\u201c (1470) Fresco, Palazzo Schifanoia, Ferrara<\/p>\n\n\n\n<p>In h\u00f6chster Belagerungsnot bedarf es schon des Freundschaftsb\u00fcndnis\u2019 mit der wie die Dea ex machina auftauchenden j\u00fcdischen Heroine Judith, um dem aufs M\u00e4nnliche projizierten Begehren zu wehren. Die Verfolger mutieren \u2013 der Generationenkonflikt in Deutschland nach den nationalsozialistischen Massenmorden legt es nahe \u2014 nun g\u00e4nzlich zu faschistischen We(h)rw\u00f6lfen, wie es sich ja schon im braunen Stubenambiente zu Anfang des Traumtextes angedeutet hatte.<\/p>\n\n\n\n<p>Die Situation spitz sich zu, als die projektive Abwehr zusammenbricht und der Wunsch, sich endlich mit dem Raubtier zu vereinigen, die Fl\u00fcchtende zusehends l\u00e4hmt.<\/p>\n\n\n\n<p><a href=\"http:\/\/adoringaudience.de\/wild-2016\/\" target=\"_blank\" rel=\"noopener noreferrer\">Lilith Stangenberg als Ania in Nicolette Krebitz &#8220;Wild&#8221;, 2016, Szenenphoto<\/a>.<\/p>\n\n\n\n<p>Der ebenfalls braun konnotierte Muttersumpf tut ein \u00dcbriges, um die aufgew\u00fchlte Tr\u00e4umerin dem Ertr\u00e4umten auszuliefern, so da\u00df es am Loch in der Dornr\u00f6schen\u00adhecke, an der entscheidenden Pforte, schlie\u00dflich zum Showdown kommt. Das wiederkehrend Verdr\u00e4ngte, der \u00f6dipale Wunsch, erreicht den H\u00f6hepunkt und die Abwehr mu\u00df noch einmal alles an Metamorphosen aufbieten, um die Realisation zu verhindern: Der Wolf verwandelt sich in \u201eein dickes, schwarzes Schwein\u201c \u2013 Bulgakows Margarita l\u00e4\u00dft gr\u00fc\u00dfen \u2014, aber selbst durch die Verwandlung in eine sublimere Zeichnung l\u00e4\u00dft sich dessen schweinisches Begehren offensichtlich nicht bannen. Am Ende verschmilzt die derart ersehnte, penetrierende Macht zu jenem Ungeheuer, dessen feuriger Odem, nicht immer zum eigenen Vorteil, selbst verschlucktes Blei zum Schmelzen bringt. In der Petrifizierung der Protagonistin aber findet es sein Pendant und die Traumpartie ihr finales Patt. Die in der Chimaira verk\u00f6rperte Rachemacht des sexuellen Opfers \u2014 der geopferten weiblichen Sexualit\u00e4t \u2014 harrt also noch des Bellerophons, der da kommen mag; dann wom\u00f6glich im n\u00e4chsten Traum.<\/p>\n\n\n\n<figure class=\"wp-block-image\"><img loading=\"lazy\" decoding=\"async\" width=\"1021\" height=\"742\" src=\"http:\/\/traumbeute.de\/wp-content\/uploads\/2020\/07\/Bellerophon-toetet-die-Chimaera.jpg\" alt=\"\" class=\"wp-image-362\" srcset=\"https:\/\/traumbeute.de\/wp-content\/uploads\/2020\/07\/Bellerophon-toetet-die-Chimaera.jpg 1021w, https:\/\/traumbeute.de\/wp-content\/uploads\/2020\/07\/Bellerophon-toetet-die-Chimaera-149x108.jpg 149w, https:\/\/traumbeute.de\/wp-content\/uploads\/2020\/07\/Bellerophon-toetet-die-Chimaera-297x216.jpg 297w, https:\/\/traumbeute.de\/wp-content\/uploads\/2020\/07\/Bellerophon-toetet-die-Chimaera-768x558.jpg 768w\" sizes=\"(max-width: 1021px) 100vw, 1021px\" \/><\/figure>\n\n\n\n<p>Griechisches Mosaik &#8220;Bellerophon t\u00f6tet die Chimaira\u201c (ca. 300\u2013270 v. Chr.), Rhodos, arch\u00e4ologisches Museum<\/p>\n\n\n\n<p>Does the Rising Sun affright<br>Every Wolfs &amp; Lions howl<br>Raises from Hell a Human Soul<br>The wild deer, wandring here &amp; there<br>Keeps the Human Soul from Care<br>The Lamb misusd breeds Public Strife<br>And yet forgives the Butchers knife<br>The Bat that flits at close of Eve<br>Has left the Brain that wont Believe<\/p>\n\n\n\n<p>From: Auguries of Innocence<br>By William Blake<\/p>\n\n\n\n<figure class=\"wp-block-image\"><img loading=\"lazy\" decoding=\"async\" width=\"400\" height=\"598\" src=\"http:\/\/traumbeute.de\/wp-content\/uploads\/2020\/07\/fwp3.jpg\" alt=\"\" class=\"wp-image-378\" srcset=\"https:\/\/traumbeute.de\/wp-content\/uploads\/2020\/07\/fwp3.jpg 400w, https:\/\/traumbeute.de\/wp-content\/uploads\/2020\/07\/fwp3-72x108.jpg 72w, https:\/\/traumbeute.de\/wp-content\/uploads\/2020\/07\/fwp3-144x216.jpg 144w\" sizes=\"(max-width: 400px) 100vw, 400px\" \/><\/figure>\n\n\n\n<p>Herzliche Gr\u00fc\u00dfe<br>Dein<\/p>\n\n\n\n<p>Fra Pellegrino, detto il maestro dei pipistrelli<\/p>\n\n\n\n<p>Traum: <a href=\"http:\/\/traumbeute.de\/ein-kirchhof-mitten-im-wald\" target=\"_blank\" rel=\"noopener noreferrer\">Ein Kirchhof mitten im Wald<\/a><\/p>\n\n\n\n<p><a href=\"http:\/\/traumbeute.de\/traumstation-ein-kirchhof-mitten-im-wald\" target=\"_blank\" rel=\"noopener noreferrer\">Deutung der Traumstation<\/a> vom 09.04.2020<\/p>\n\n\n\n<p><a href=\"https:\/\/www.psychoanalyse-zuerich.ch\/missinglink\" target=\"_blank\" rel=\"noopener noreferrer\">Podcast der Traumstation<\/a> (Traum 6) mit gelesenem Traum und Deutungsgespr\u00e4ch<\/p>\n\n\n\n<p><a href=\"http:\/\/traumbeute.de\/norbert-rath-ein-kirchhof-mitten-im-wald\" target=\"_blank\" rel=\"noopener noreferrer\">Deutungen von Norbert Rath<\/a> am 03.05. und 10.05.2020<\/p>\n","protected":false},"excerpt":{"rendered":"<p>Unfortunately, a translation is not yet available. We are working on it. 17.05.2020 Frank Werner<a class=\"moretag\" href=\"https:\/\/traumbeute.de\/en\/frank-werner-pilgram-ein-friedhof-mitten-im-wald\"> [&#8230;]<\/a><\/p>\n","protected":false},"author":1,"featured_media":0,"parent":0,"menu_order":0,"comment_status":"closed","ping_status":"closed","template":"","meta":{"footnotes":""},"_links":{"self":[{"href":"https:\/\/traumbeute.de\/en\/wp-json\/wp\/v2\/pages\/1172"}],"collection":[{"href":"https:\/\/traumbeute.de\/en\/wp-json\/wp\/v2\/pages"}],"about":[{"href":"https:\/\/traumbeute.de\/en\/wp-json\/wp\/v2\/types\/page"}],"author":[{"embeddable":true,"href":"https:\/\/traumbeute.de\/en\/wp-json\/wp\/v2\/users\/1"}],"replies":[{"embeddable":true,"href":"https:\/\/traumbeute.de\/en\/wp-json\/wp\/v2\/comments?post=1172"}],"version-history":[{"count":2,"href":"https:\/\/traumbeute.de\/en\/wp-json\/wp\/v2\/pages\/1172\/revisions"}],"predecessor-version":[{"id":1223,"href":"https:\/\/traumbeute.de\/en\/wp-json\/wp\/v2\/pages\/1172\/revisions\/1223"}],"wp:attachment":[{"href":"https:\/\/traumbeute.de\/en\/wp-json\/wp\/v2\/media?parent=1172"}],"curies":[{"name":"wp","href":"https:\/\/api.w.org\/{rel}","templated":true}]}}