{"id":1249,"date":"2020-07-01T21:04:46","date_gmt":"2020-07-01T19:04:46","guid":{"rendered":"https:\/\/traumbeute.de\/norbert-rath-ein-kirchhof-mitten-im-wald"},"modified":"2023-01-01T12:14:04","modified_gmt":"2023-01-01T11:14:04","slug":"norbert-rath-ein-kirchhof-mitten-im-wald","status":"publish","type":"page","link":"https:\/\/traumbeute.de\/en\/norbert-rath-ein-kirchhof-mitten-im-wald","title":{"rendered":"Norbert Rath: A churchyard in the middle of the forest"},"content":{"rendered":"\n<p>Unfortunately, a translation is not yet available. We are working on it.<\/p>\n\n\n\n<p><strong>03. Mai 2020<\/strong><\/p>\n\n\n\n<p><strong>Norbert Rath: Deutung des Traums <a href=\"http:\/\/traumbeute.de\/ein-kirchhof-mitten-im-wald\" target=\"_blank\" rel=\"noopener\">&#8220;Ein Kirchhof mitten im Wald&#8221;<\/a><\/strong><\/p>\n\n\n\n<p>Vielen Dank f\u00fcr den Hinweis auf diesen phantastischen Traum und die Deutungs-Assoziationen der Z\u00fcrcher Traumforscher dazu.<br>Ich fand, dass in diesen ein Aspekt nicht hinreichend ber\u00fccksichtigt wurde, der der Verwandlung, einer fortlaufenden Verwandlung im wahren Sinne des Wortes. Ein Teppich verwandelt sich in eine Br\u00fccke, die in eine andere Welt f\u00fchrt. Die Tr\u00e4umerin verwandelt sich in eine Gestalt auf einem Photo. Die Szenerie verwandelt sich fortw\u00e4hrend: Hochzeitsgesellschaft, Kirchhof, Wald, Wiese, Morast, Schrebergarten au\u00dfen, Schrebergarten innen. Die Kaninchen verwandeln sich aus potentiellen Opfern der W\u00f6lfe in Mitglieder der jagenden Meute. Der bedrohliche Wolf verwandelt sich in ein Schwein. Die Tr\u00e4umerin verwandelt sich in einen &#8220;kalten Stein&#8221;.<\/p>\n\n\n\n<p>Die Schrift der Engel wird sichtbar. &#8220;Mit der Gefahr w\u00e4chst das Rettende auch&#8221;. Die Vielfalt der Verwandlungen scheint mir einen Schl\u00fcssel zum Verst\u00e4ndnis des Traumes zu enthalten. Aber: &#8220;Jeder Satz spricht: deute mich, und keiner will es dulden.&#8221; (Adorno: Aufzeichnungen zu Kafka). Was bedeutet es, dass sich eine Person (die Tr\u00e4umerin) in eine Zeichenabfolge (n\u00e4mlich auf einem Photo) verwandeln kann und in dieser Form neue Verfolgungen erlebt, und dass wiederum eine Zeichenabfolge (die Schrift der Engel) das Ende der Verfolgungsjagden einleitet?<\/p>\n\n\n\n<p>Als literarische Modelle fallen mir ein: &#8216;Alice im Wunderland&#8217; mit der Folge der von von ihr an sich selbst und an anderen beobachteten Verwandlungen, Alice hinter den Spiegeln mit dem darin einschl\u00e4gigen Motiv der rasenden Verfolgungsjagden (&#8220;Hierzulande musst du so schnell rennen wie du kannst, nur um am gleichen Platz zu bleiben&#8221;) , die Narnia-B\u00fccher von C.S. Lewis mit dem Eintauchen in die Anderswelt von Narnia durch einen Schrank (1. Bd.) bzw. durch das Eingehen in ein Bild, das zuerst friedlich an der Wand h\u00e4ngt, aber pl\u00f6tzlich zur Wirklichkeit wird, indem die darauf dargestellten Wellen pl\u00f6tzlich durchs Zimmer toben.<\/p>\n\n\n\n<p>Ein Traum wie dieser erfordert eigentlich seine eigene Semiologie.<\/p>\n\n\n\n<p><strong>10. Mai 2020 <\/strong><\/p>\n\n\n\n<p>F\u00fcr zentral halte ich unter den verwandlungen die in &#8220;kalten stein&#8221;. schon wegen der paradoxalit\u00e4t des f\u00fchlens: wer ist es, der hier noch f\u00fchlt, dass dieser stein, in den sich die protagonistin des traums verwandelt hat, kalt ist? sie kann ja nicht l\u00e4nger das subjekt dieses k\u00e4ltegef\u00fchls sein. wer aber ist das subjekt, das weiter etwas erf\u00e4hrt (und die erz\u00e4hlung des erfahrenen fortsetzen kann), nachdem die tr\u00e4gerin der erfahrung sich in eine skulptur verabschiedet hat? im m\u00e4rchen m\u00fcssen figuren, die in stein verwandelt worden sind, immer durch andere (seien es geschwister, seien es liebende, seien es helferfiguren) erl\u00f6st werden. wer in stein verwandelt ist, hat keine souver\u00e4nit\u00e4t \u00fcber die folge seiner verwandlungen mehr.<\/p>\n\n\n\n<p>h\u00f6chst spannend ist die verwandlung in stein auch wegen der hier in den traum selbst eingedrungenen weigerung, sich von diesem albtraum der fortgesetzten jagden, verfolgungen und verwandlungen noch l\u00e4nger schockieren zu lassen. wer sich in gef\u00fchllosen stein verwandelt hat (oder in ihn verwandelt worden ist), ist nicht l\u00e4nger terrorisierbar, angreifbar, nicht einmal bedrohbar. alle angriffe gleiten an ihm\/ihr ab. er\/sie hat sich trotz allem nicht mit den angreifern identifiziert, um den preis des lebendigseins. wieder die frage nach dem subjekt: wer ist das subjekt, das weitertr\u00e4umt, nachdem die traumheldin in stein verwandelt ist? wer f\u00fchrt buch \u00fcber ihr f\u00fchlen, \u00fcber ihr selbstgef\u00fchl? wer f\u00fchrt in diesem traum die regie? wer ist der oder die, die den bann l\u00f6st, den stein aufsprengt, die auferstehung bewirkt? wer ist das subjekt, das den traum \/ die folge der verwandlungen und fluchten fortsetzen kann?<\/p>\n\n\n\n<p>gibt es ein subjekt der (er-)l\u00f6sung? im traum gibt es eine &#8220;judith&#8221;. judith ist der name der frau, die holofernes erschlagen und damit die belagerung und bedrohung ihres gemeinwesens zu einem ende gebracht hat, eine art weiblicher messias.<\/p>\n\n\n\n<p>Traum: <a href=\"http:\/\/traumbeute.de\/ein-kirchhof-mitten-im-wald\" target=\"_blank\" rel=\"noopener\">Ein Kirchhof mitten im Wald<\/a><\/p>\n\n\n\n<p><a href=\"http:\/\/traumbeute.de\/traumstation-ein-kirchhof-mitten-im-wald\" target=\"_blank\" rel=\"noopener\">Deutung der Traumstation<\/a> vom 09.04.2020<\/p>\n\n\n\n<p><a href=\"https:\/\/www.psychoanalyse-zuerich.ch\/missinglink\" target=\"_blank\" rel=\"noopener\">Podcast der Traumstation<\/a> (Traum 6) mit gelesenem Traum und Deutungsgespr\u00e4ch<\/p>\n\n\n\n<p><a href=\"http:\/\/traumbeute.de\/frank-werner-pilgram-ein-friedhof-mitten-im-wald\">Deutungen von Frank Werner Pilgram<\/a> am 17.05.2020<\/p>\n","protected":false},"excerpt":{"rendered":"<p>Unfortunately, a translation is not yet available. We are working on it. 03. Mai 2020<a class=\"moretag\" href=\"https:\/\/traumbeute.de\/en\/norbert-rath-ein-kirchhof-mitten-im-wald\"> [&#8230;]<\/a><\/p>\n","protected":false},"author":1,"featured_media":0,"parent":0,"menu_order":0,"comment_status":"closed","ping_status":"closed","template":"","meta":{"footnotes":""},"_links":{"self":[{"href":"https:\/\/traumbeute.de\/en\/wp-json\/wp\/v2\/pages\/1249"}],"collection":[{"href":"https:\/\/traumbeute.de\/en\/wp-json\/wp\/v2\/pages"}],"about":[{"href":"https:\/\/traumbeute.de\/en\/wp-json\/wp\/v2\/types\/page"}],"author":[{"embeddable":true,"href":"https:\/\/traumbeute.de\/en\/wp-json\/wp\/v2\/users\/1"}],"replies":[{"embeddable":true,"href":"https:\/\/traumbeute.de\/en\/wp-json\/wp\/v2\/comments?post=1249"}],"version-history":[{"count":3,"href":"https:\/\/traumbeute.de\/en\/wp-json\/wp\/v2\/pages\/1249\/revisions"}],"predecessor-version":[{"id":1255,"href":"https:\/\/traumbeute.de\/en\/wp-json\/wp\/v2\/pages\/1249\/revisions\/1255"}],"wp:attachment":[{"href":"https:\/\/traumbeute.de\/en\/wp-json\/wp\/v2\/media?parent=1249"}],"curies":[{"name":"wp","href":"https:\/\/api.w.org\/{rel}","templated":true}]}}