{"id":1284,"date":"2020-12-10T20:20:52","date_gmt":"2020-12-10T19:20:52","guid":{"rendered":"https:\/\/traumbeute.de\/tangoraum"},"modified":"2023-01-01T12:37:07","modified_gmt":"2023-01-01T11:37:07","slug":"tangoraum","status":"publish","type":"page","link":"https:\/\/traumbeute.de\/en\/tangoraum","title":{"rendered":"Tangoraum"},"content":{"rendered":"<p>Ein herzliches Dank an das Team des <a href=\"http:\/\/www.tango-raum.de\/index.html\" rel=\"noopener\" target=\"_blank\">Tangoraums<\/a> f\u00fcr tatkr\u00e4ftige Unterst\u00fctzung bei vielen Filmdrehs und Performanceaktionen und f\u00fcr die \u00dcberlassung der sch\u00f6nen Location!<\/p>\n<figure id=\"attachment_461\" aria-describedby=\"caption-attachment-461\" style=\"width: 1080px\" class=\"wp-caption alignnone\"><img loading=\"lazy\" decoding=\"async\" src=\"http:\/\/traumbeute.de\/wp-content\/uploads\/2020\/12\/tangoraum.jpg\" alt=\"\" width=\"1080\" height=\"810\" class=\"size-full wp-image-461\" srcset=\"https:\/\/traumbeute.de\/wp-content\/uploads\/2020\/12\/tangoraum.jpg 1080w, https:\/\/traumbeute.de\/wp-content\/uploads\/2020\/12\/tangoraum-144x108.jpg 144w, https:\/\/traumbeute.de\/wp-content\/uploads\/2020\/12\/tangoraum-288x216.jpg 288w, https:\/\/traumbeute.de\/wp-content\/uploads\/2020\/12\/tangoraum-768x576.jpg 768w\" sizes=\"(max-width: 1080px) 100vw, 1080px\" \/><figcaption id=\"caption-attachment-461\" class=\"wp-caption-text\">Tangoraum<\/figcaption><\/figure>\n","protected":false},"excerpt":{"rendered":"<p>Ein herzliches Dank an das Team des Tangoraums f\u00fcr tatkr\u00e4ftige Unterst\u00fctzung bei vielen Filmdrehs und<a class=\"moretag\" href=\"https:\/\/traumbeute.de\/en\/tangoraum\"> [&#8230;]<\/a><\/p>\n","protected":false},"author":1,"featured_media":0,"parent":0,"menu_order":0,"comment_status":"closed","ping_status":"closed","template":"","meta":{"footnotes":""},"_links":{"self":[{"href":"https:\/\/traumbeute.de\/en\/wp-json\/wp\/v2\/pages\/1284"}],"collection":[{"href":"https:\/\/traumbeute.de\/en\/wp-json\/wp\/v2\/pages"}],"about":[{"href":"https:\/\/traumbeute.de\/en\/wp-json\/wp\/v2\/types\/page"}],"author":[{"embeddable":true,"href":"https:\/\/traumbeute.de\/en\/wp-json\/wp\/v2\/users\/1"}],"replies":[{"embeddable":true,"href":"https:\/\/traumbeute.de\/en\/wp-json\/wp\/v2\/comments?post=1284"}],"version-history":[{"count":1,"href":"https:\/\/traumbeute.de\/en\/wp-json\/wp\/v2\/pages\/1284\/revisions"}],"predecessor-version":[{"id":1287,"href":"https:\/\/traumbeute.de\/en\/wp-json\/wp\/v2\/pages\/1284\/revisions\/1287"}],"wp:attachment":[{"href":"https:\/\/traumbeute.de\/en\/wp-json\/wp\/v2\/media?parent=1284"}],"curies":[{"name":"wp","href":"https:\/\/api.w.org\/{rel}","templated":true}]}}