{"id":1294,"date":"2020-07-01T20:26:19","date_gmt":"2020-07-01T18:26:19","guid":{"rendered":"https:\/\/traumbeute.de\/traumstation"},"modified":"2023-01-01T12:43:01","modified_gmt":"2023-01-01T11:43:01","slug":"traumstation","status":"publish","type":"page","link":"https:\/\/traumbeute.de\/en\/traumstation","title":{"rendered":"Traumstation"},"content":{"rendered":"\n<p>Unfortunately, a translation is not yet available. We are working on it.<\/p>\n\n\n\n<figure class=\"wp-block-image\"><img loading=\"lazy\" decoding=\"async\" width=\"547\" height=\"545\" src=\"http:\/\/traumbeute.de\/wp-content\/uploads\/2020\/07\/Traumstation.jpg\" alt=\"\" class=\"wp-image-271\" srcset=\"https:\/\/traumbeute.de\/wp-content\/uploads\/2020\/07\/Traumstation.jpg 547w, https:\/\/traumbeute.de\/wp-content\/uploads\/2020\/07\/Traumstation-108x108.jpg 108w, https:\/\/traumbeute.de\/wp-content\/uploads\/2020\/07\/Traumstation-217x216.jpg 217w\" sizes=\"(max-width: 547px) 100vw, 547px\" \/><\/figure>\n\n\n\n<p>Wir Traumbeuter haben die Einladung der <a href=\"https:\/\/www.psychoanalyse-zuerich.ch\/traumstationen\" target=\"_blank\" rel=\"noopener\">Traumstation<\/a> angenommen, ihr Tr\u00e4ume zu schicken. Die Traumstation ist ein Projekt von <a href=\"https:\/\/www.psychoanalyse-zuerich.ch\/%C3%BCbermissinglink\" target=\"_blank\" rel=\"noopener\">The Missing Link<\/a> und einer Gruppe von Psychoanalytikerinnen und Psychoanalytikern des <a href=\"https:\/\/www.psychoanalyse-zuerich.ch\/\" target=\"_blank\" rel=\"noopener\">Psychoanalytischen Seminars Z\u00fcrich<\/a>. Zu eingeschickten Tr\u00e4umen werden Deutungen in der Regel von mehreren Deutenden im Gespr\u00e4ch erstellt und zur\u00fcckgeschickt.<\/p>\n\n\n\n<p>Zu etlichen der gedeuteten Tr\u00e4ume gibt es auch gesprochen Lesungen und Mitschnitte der Deutungsdiskussionen im <a href=\"https:\/\/www.psychoanalyse-zuerich.ch\/missinglink\" target=\"_blank\" rel=\"noopener\">Podcast der Traumstation<\/a>.<\/p>\n\n\n\n<p>&#8220;Tr\u00e4ume sind Verarbeitungen dessen, was uns innerlich und \u00e4usserlich beunruhigt, \u00e4ngstigt und aus dem Rahmen wirft, sie stellen dar\u00fcber hinaus in unterschiedlichen Medien \u2013 vom Bild zur Sprache und umgekehrt bis hin zu Ber\u00fchrungen, Geschmacks- und Geruchserinnerungen \u2013 immer wieder neue und andere Verbindungen zwischen den verschiedenen, auseinander gefallenen Aspekten unseres Lebens her.&#8221; (Traumstation)<\/p>\n\n\n\n<p>Im Laufe der letzten Monate hat sich zwischen Traumbeutern und Traumdeutern ein Austausch von Assoziationen zu Traumbeutest\u00fccken ergeben, die diesen programmatischen Gedanken der Traumstation Spielraum geben.<\/p>\n","protected":false},"excerpt":{"rendered":"<p>Unfortunately, a translation is not yet available. We are working on it. Wir Traumbeuter haben<a class=\"moretag\" href=\"https:\/\/traumbeute.de\/en\/traumstation\"> [&#8230;]<\/a><\/p>\n","protected":false},"author":1,"featured_media":0,"parent":0,"menu_order":0,"comment_status":"closed","ping_status":"closed","template":"","meta":{"footnotes":""},"_links":{"self":[{"href":"https:\/\/traumbeute.de\/en\/wp-json\/wp\/v2\/pages\/1294"}],"collection":[{"href":"https:\/\/traumbeute.de\/en\/wp-json\/wp\/v2\/pages"}],"about":[{"href":"https:\/\/traumbeute.de\/en\/wp-json\/wp\/v2\/types\/page"}],"author":[{"embeddable":true,"href":"https:\/\/traumbeute.de\/en\/wp-json\/wp\/v2\/users\/1"}],"replies":[{"embeddable":true,"href":"https:\/\/traumbeute.de\/en\/wp-json\/wp\/v2\/comments?post=1294"}],"version-history":[{"count":2,"href":"https:\/\/traumbeute.de\/en\/wp-json\/wp\/v2\/pages\/1294\/revisions"}],"predecessor-version":[{"id":1299,"href":"https:\/\/traumbeute.de\/en\/wp-json\/wp\/v2\/pages\/1294\/revisions\/1299"}],"wp:attachment":[{"href":"https:\/\/traumbeute.de\/en\/wp-json\/wp\/v2\/media?parent=1294"}],"curies":[{"name":"wp","href":"https:\/\/api.w.org\/{rel}","templated":true}]}}