{"id":1315,"date":"2020-07-06T18:01:01","date_gmt":"2020-07-06T16:01:01","guid":{"rendered":"https:\/\/traumbeute.de\/traumstation-hotel-abgrund"},"modified":"2023-01-01T12:57:54","modified_gmt":"2023-01-01T11:57:54","slug":"traumstation-hotel-abgrund","status":"publish","type":"page","link":"https:\/\/traumbeute.de\/en\/traumstation-hotel-abgrund","title":{"rendered":"Traumstation: Hotel Abyss"},"content":{"rendered":"\n<p>Unfortunately, a translation is not yet available. We are working on it.<\/p>\n\n\n\n<p><strong>29.04.2020<\/strong><\/p>\n\n\n\n<p>Sehr geehrte M,<\/p>\n\n\n\n<p>vielen Dank f\u00fcr Ihr Vertrauen und Ihr Interesse und vor allem f\u00fcr Ihren spannenden Traum. Wir schicken Ihnen im Anhang unsere Deutung schriftlich zur\u00fcck und hoffen, dass Sie etwas mit ihr anfangen k\u00f6nnen, dass sie Ihnen auch Spass macht. Wir haben Ihren Traum gemeinsam zu dritt gedeutet, weil so das Verst\u00e4ndnis nochmals breiter und interessanter wird &#8211; und davon eine Tonaufnahme gemacht. Wenn Sie Interesse daran haben, k\u00f6nnen wir Ihnen diese Aufnahme gerne schicken.<\/p>\n\n\n\n<p>Tr\u00e4ume auf diese Art, die sich von der Situation in der Praxis durchaus unterscheidet, zu deuten ist f\u00fcr uns ein Erlebnis und ein Gl\u00fcck, bei dem man immer wieder neue Erfahrungen machen kann und wird. Deshalb wollen wir Sie auch fragen, ob Sie eventuell damit einverstanden w\u00e4ren, wenn wir Ihren Traum und die Deutung dazu &#8211; die nat\u00fcrlich Ihnen ist, das ist keine Frage &#8211; eventuell auch ver\u00f6ffentlichen w\u00fcrden. Falls ja, w\u00fcrden wir Ihren Traum und unser gemeinsames Gespr\u00e4ch dazu, gerne als <a href=\"https:\/\/www.psychoanalyse-zuerich.ch\/missinglink\" target=\"_blank\" rel=\"noopener\">Podcast<\/a> (Traum 31) mit gelesenem Traum und Deutungsgespr\u00e4ch ver\u00f6ffentlichen. Es w\u00fcrde einen Eindruck davon geben, was Tr\u00e4ume sein k\u00f6nnen, was alles in ihnen ist, was sie mit uns machen. Aber selbstverst\u00e4ndlich w\u00fcrden wir das nur mit Ihrer ausdr\u00fccklichen Einwilligung tun &#8211; das versteht sich von selbst. Wenn Sie es nicht m\u00f6chten, ist das \u00fcberhaupt kein Problem, wir verstehen es bestens, es ist Ihr gutes Recht.<\/p>\n\n\n\n<p>Aber nochmals: Vor allem hoffen wir, dass Sie unsere Sichtweise auf Ihren Traum anspricht und Ihr Interesse weckt.<\/p>\n\n\n\n<p>Mit freundlichen Gr\u00fcssen<\/p>\n\n\n\n<p>Ihre Traumstation<\/p>\n\n\n\n<p><strong>Traumstation: Deutung des Traums &#8220;<a href=\"http:\/\/traumbeute.de\/hotel-abgrund\" target=\"_blank\" rel=\"noopener\">Hotel Abgrund<\/a>&#8221; (schriftliche Zusammenfassung des Gespr\u00e4chs der drei Traumdeuter, dieses vollst\u00e4ndig im <a href=\"https:\/\/www.psychoanalyse-zuerich.ch\/missinglink\" target=\"_blank\" rel=\"noopener noreferrer\">Podcast der Traumstation<\/a>, Traum 31)<\/strong><\/p>\n\n\n\n<p>Die Tr\u00e4umerin schickt uns einen zweiten Traum. Oder eine literatisierte Bearbeitung, wie sie schreibt. Eine k\u00fcnstlerische Umwandlung, Weiterf\u00fchrung des <a href=\"http:\/\/traumbeute.de\/gelb-und-gruen\" target=\"_blank\" rel=\"noopener\">urspr\u00fcnglichen Traums<\/a>. Herausgekommen ist eine eindr\u00fcckliche Schauergeschichte, die sie uns nun in \u00abfreudiger Erwartung\u00bb auf die Deutung zuschickt.<\/p>\n\n\n\n<p>Der Traum beginnt dort, wo der erste Traum endet. Bei den Insektenbeinen im Speiseraum. Aus den Insektenbeinen ist die Spinne geworden, die der Freundin im Gesicht hockt. Die Freundin SPINNT also den ersten Traum weiter. Oder SPINNT sie? Jedenfalls ist dieser zweite Traum dabei herausgekommen.<br>Dieser schauerhaft sch\u00f6ne Traum ist voll von eindr\u00fccklichen Bildern und S\u00e4tzen, die einen gruseln lassen. Viele der Elemente sind symbolisch aufgeladen und legen eine bestimmte Deutung nahe. Die Spinne, die Frau, die nur noch ihr Schatten ist, die T\u00fcr, die nur in eine Richtung geht, der Joker&#8230; Bei mir entsteht das Gef\u00fchl, dass bereits eine Deutung implizit im Traum vorhanden ist. Eine ganz spezifische Deutung. In mir regt sich Widerstand. Ich will sie nicht geben, diese eine Deutung. Weil sie schliesst und nicht \u00f6ffnet. Weil sie dem \u00abDrehschwindel\u00bb vom ersten Traum folgen w\u00fcrde.<\/p>\n\n\n\n<p>Also versuche ich \u00d6ffnungen, die Raum zur Imagination lassen, zu finden. Doch es werden keine Br\u00fcche, Stolperer oder Risse sichtbar, auch nicht nach dem dritten mal lesen. So passt alles zusammen. Ein Traum wie aus einem Guss. Was ist denn dahinter, hinter diesem Guss? Ich finde kaum eine \u00d6ffnung. Etwas ist zugedeckt; muss versteckt werden. Was? Wieso? Ist es ein Wunsch der Tr\u00e4umerin? Um bleiben zu k\u00f6nnen, m\u00fcsste sie alles abziehen, bis unter die Haut. W\u00fcrde das bedeuten, die eigenen W\u00fcnsche abzulegen, aufzugeben? Also den Koffer mit den W\u00fcnschen drin abzugeben und im Hotel Abgrund landen. Es macht den Eindruck, als m\u00fcsse sie ihre W\u00fcnsche aufgeben, wenn sie bei den anderen bleiben wollte. Hier scheint keine Vermischung m\u00f6glich. Keine Vermischung der W\u00fcnsche, so dass beide bestehen bleiben. Jemand muss sich aufgeben. Also wird der Wunsch versteckt, vom Guss der Schauergeschichte \u00fcberdeckt. Was w\u00fcrde passieren, wenn sie ihn offen zeigen w\u00fcrde?<\/p>\n\n\n\n<p>Eine Vermischung findet an anderer Stelle statt. Es sind zwei Personen, die zusammen tr\u00e4umen. Die Freundin und unsere Tr\u00e4umerin. Im Traum kommt es zu einer Vermischung der beiden, wie im ersten Traum zwischen Blau und Gelb. Gr\u00fcn entsteht. Wer ist wer? Sind beide eine Person? Dann wieder zur\u00fcck zum alleine sein, als die Tr\u00e4umerin durch die Dreht\u00fcr gestossen wird. Es ist jedoch nicht klar, ob sie tats\u00e4chlich aus dem Hotel Abgrund entkommt, oder ob die Dreh-T\u00fcr sie wieder rein bef\u00f6rdert. Kommt es zu einer Entmischung, einem Ausstossen der Tr\u00e4umerin? Oder kommt sie zur\u00fcck zur Freundin?<\/p>\n\n\n\n<p>Was mit dem Mann aus dem ersten Traum geschehen ist, ist unklar. Auf ihn wartet sie, er scheint jedoch irgendwie verschwunden zu sein. Trotzdem habe ich das Gef\u00fchl, dass es in dem Traum (auch) um ihn geht. Was ist das f\u00fcr eine Dreiergeschichte? Wer ist mit wem zusammen? Zumindest unterhalten sich die beiden Frauen durch diesen Traum \u00fcber ihn.<\/p>\n\n\n\n<p>Bleibt das Begleit-Email. \u00abHoffnungsvoll und in freudiger Erwartung\u00bb schreibt die Tr\u00e4umerin am Ende des Emails. Hoffnung worauf? Was hofft denn die Tr\u00e4umerin? Hier sind wir wieder bei den W\u00fcnschen der Tr\u00e4umerin. Was die Tr\u00e4umerin will\/hofft\/w\u00fcnscht scheint zentral zu sein, wird aber im Traum konsequent ausgelagert. Die Tr\u00e4umerin sagt nichts, macht keine eigenen Bewegungen. Sie wird von der Schatten-Frau angesprochen, mitgezogen, aus dem Hotel gestossen. Keine eigenen Handlungen. Dies passt zu ihrem R\u00fcckzug vom ersten Traum.<\/p>\n\n\n\n<p>Was ist der Wunsch? Im ersten Traum taucht der Wunsch auf, angenommen zu werden. Angenommen werden mit all dem Horror, welchen sie uns mit dem Traum schickt? Den Wunsch, sich selber annehmen zu k\u00f6nnen? Den Wunsch, den eigenen Wunsch annehmen zu k\u00f6nnen?<\/p>\n\n\n\n<p><strong>Mehr zum Traum:<\/strong><\/p>\n\n\n\n<p>Traum: <a href=\"http:\/\/traumbeute.de\/hotel-abgrund\" target=\"_blank\" rel=\"noopener\">Hotel Abgrund<\/a><\/p>\n\n\n\n<p><a href=\"https:\/\/www.psychoanalyse-zuerich.ch\/missinglink\" target=\"_blank\" rel=\"noopener\">Podcast der Traumstation<\/a> (Traum 31) mit gelesenem Traum und Deutungsgespr\u00e4ch<\/p>\n\n\n\n<p>Vorausgehender Traum <a href=\"http:\/\/traumbeute.de\/gelb-und-gruen\" target=\"_blank\" rel=\"noopener\">&#8220;Gelb und Gr\u00fcn&#8221;<\/a>, an den der Traum &#8220;Hotel Abgrund&#8221; ankn\u00fcpft.<\/p>\n\n\n\n<p><a href=\"http:\/\/traumbeute.de\/traumstation-gelb-und-gruen\" target=\"_blank\" rel=\"noopener\">Zusammenfassung des Deutungsgespr\u00e4chs<\/a> der Traumstation zum Traum &#8220;Gelb und Gr\u00fcn&#8221;.<\/p>\n","protected":false},"excerpt":{"rendered":"<p>Unfortunately, a translation is not yet available. We are working on it. 29.04.2020 Sehr geehrte<a class=\"moretag\" href=\"https:\/\/traumbeute.de\/en\/traumstation-hotel-abgrund\"> [&#8230;]<\/a><\/p>\n","protected":false},"author":1,"featured_media":0,"parent":0,"menu_order":0,"comment_status":"closed","ping_status":"closed","template":"","meta":{"footnotes":""},"_links":{"self":[{"href":"https:\/\/traumbeute.de\/en\/wp-json\/wp\/v2\/pages\/1315"}],"collection":[{"href":"https:\/\/traumbeute.de\/en\/wp-json\/wp\/v2\/pages"}],"about":[{"href":"https:\/\/traumbeute.de\/en\/wp-json\/wp\/v2\/types\/page"}],"author":[{"embeddable":true,"href":"https:\/\/traumbeute.de\/en\/wp-json\/wp\/v2\/users\/1"}],"replies":[{"embeddable":true,"href":"https:\/\/traumbeute.de\/en\/wp-json\/wp\/v2\/comments?post=1315"}],"version-history":[{"count":2,"href":"https:\/\/traumbeute.de\/en\/wp-json\/wp\/v2\/pages\/1315\/revisions"}],"predecessor-version":[{"id":1321,"href":"https:\/\/traumbeute.de\/en\/wp-json\/wp\/v2\/pages\/1315\/revisions\/1321"}],"wp:attachment":[{"href":"https:\/\/traumbeute.de\/en\/wp-json\/wp\/v2\/media?parent=1315"}],"curies":[{"name":"wp","href":"https:\/\/api.w.org\/{rel}","templated":true}]}}