{"id":1095,"date":"2016-09-09T22:19:12","date_gmt":"2016-09-09T20:19:12","guid":{"rendered":"https:\/\/traumbeute.de\/sample-page"},"modified":"2024-03-29T14:45:04","modified_gmt":"2024-03-29T13:45:04","slug":"sample-page","status":"publish","type":"page","link":"https:\/\/traumbeute.de\/es\/sample-page","title":{"rendered":"Editorial"},"content":{"rendered":"\n<p>Traumbeute es un proyecto a largo plazo del espacio de proyectos <a href=\"https:\/\/www.fraktalwerk.de\" target=\"_blank\" rel=\"noreferrer noopener\">Fraktalwerk<\/a>.<\/p>\n\n\n\n<p>El taller-exposici\u00f3n \u00abTraumbeute\u00bb tendr\u00e1 lugar en 2025. En ella se mostrar\u00e1n proyectos actuales de los participantes en forma de instalaciones, montajes, performances, lecturas, pel\u00edculas y fotograf\u00edas. Tambi\u00e9n se expondr\u00e1n los resultados del \u00abFraktalwerk in process\u00bb de los \u00faltimos 20 a\u00f1os.<\/p>\n\n\n\n<p>\u00abExposici\u00f3n\u00bb no se entiende como una retrospectiva. Se trata m\u00e1s bien de experimentar c\u00f3mo los artefactos y oneirofactos y otros botines on\u00edricos creados durante largos periodos de tiempo y sus formas se transforman a trav\u00e9s de la reconfiguraci\u00f3n cuando son \u00abexpuestos\u00bb al proceso de trabajo y reelaboraci\u00f3n on\u00edrica.<\/p>\n","protected":false},"excerpt":{"rendered":"<p>Traumbeute es un proyecto a largo plazo del espacio de proyectos Fraktalwerk. El taller-exposici\u00f3n \u00abTraumbeute\u00bb<a class=\"moretag\" href=\"https:\/\/traumbeute.de\/es\/sample-page\"> [&#8230;]<\/a><\/p>\n","protected":false},"author":1,"featured_media":0,"parent":0,"menu_order":0,"comment_status":"closed","ping_status":"open","template":"","meta":{"footnotes":""},"_links":{"self":[{"href":"https:\/\/traumbeute.de\/es\/wp-json\/wp\/v2\/pages\/1095"}],"collection":[{"href":"https:\/\/traumbeute.de\/es\/wp-json\/wp\/v2\/pages"}],"about":[{"href":"https:\/\/traumbeute.de\/es\/wp-json\/wp\/v2\/types\/page"}],"author":[{"embeddable":true,"href":"https:\/\/traumbeute.de\/es\/wp-json\/wp\/v2\/users\/1"}],"replies":[{"embeddable":true,"href":"https:\/\/traumbeute.de\/es\/wp-json\/wp\/v2\/comments?post=1095"}],"version-history":[{"count":7,"href":"https:\/\/traumbeute.de\/es\/wp-json\/wp\/v2\/pages\/1095\/revisions"}],"predecessor-version":[{"id":1413,"href":"https:\/\/traumbeute.de\/es\/wp-json\/wp\/v2\/pages\/1095\/revisions\/1413"}],"wp:attachment":[{"href":"https:\/\/traumbeute.de\/es\/wp-json\/wp\/v2\/media?parent=1095"}],"curies":[{"name":"wp","href":"https:\/\/api.w.org\/{rel}","templated":true}]}}