{"id":1107,"date":"2016-09-09T23:09:31","date_gmt":"2016-09-09T21:09:31","guid":{"rendered":"https:\/\/traumbeute.de\/impressum"},"modified":"2022-12-30T11:26:44","modified_gmt":"2022-12-30T10:26:44","slug":"impressum","status":"publish","type":"page","link":"https:\/\/traumbeute.de\/es\/impressum","title":{"rendered":"Pie de imprenta"},"content":{"rendered":"\n<p>\u00abPresa del sue\u00f1o (Traumbeute)\u00bb es un proyecto del <a href=\"https:\/\/fraktalwerk.de\/es\/\" target=\"_blank\" rel=\"noreferrer noopener\">espacio de proyectos Fraktalwerk<\/a>.<\/p>\n\n\n\n<p>El copyright y todos los derechos sobre textos, fotos, as\u00ed como ediciones y montajes del blog pertenecen -salvo que se indique lo contrario- a Fraktalwerk.<\/p>\n\n\n\n<p>Direcci\u00f3n del espacio del proyecto<\/p>\n\n\n\n<p>Fraktalwerk<br>Raum f\u00fcr Kunst und \u00e4sthetische Projekte<\/p>\n\n\n\n<p>Susanne Kretzer<br>Florastr. 4<br>13187 Berlin<br>Tel.: +49(0)30 461 77 19<\/p>\n\n\n\n<p>info (at)&nbsp;traumbeute.de<\/p>\n\n\n\n<p>Responsable del contenido (seg\u00fan \u00a7 10 p\u00e1rrafo 3 MDStV): Susanne Kretzer<\/p>\n\n\n\n<p>Aviso legal<\/p>\n\n\n\n<p>1. limitaci\u00f3n de responsabilidad<br>Los contenidos de este sitio web han sido elaborados con el mayor esmero posible. No obstante, el proveedor no asume ninguna responsabilidad por la exactitud, integridad y actualidad de los contenidos facilitados. El uso de los contenidos del sitio web corre por cuenta y riesgo del usuario. Las contribuciones identificadas por su nombre&nbsp;reflejan la opini\u00f3n del autor respectivo y no siempre la opini\u00f3n del proveedor. El mero uso del sitio web del proveedor no constituye relaci\u00f3n contractual alguna entre el usuario y el proveedor.<\/p>\n\n\n\n<p>2 Enlaces externos<br>Este sitio web contiene enlaces a sitios web de terceros (\u00abenlaces externos\u00bb). Estos sitios web est\u00e1n sujetos a la responsabilidad de sus respectivos operadores. En el momento de la creaci\u00f3n de los enlaces externos, el proveedor comprob\u00f3 que los contenidos externos no infringieran la ley. En ese momento no se detect\u00f3 ninguna infracci\u00f3n. El&nbsp;proveedor no tiene ninguna influencia en el dise\u00f1o actual y futuro ni en el contenido de las p\u00e1ginas enlazadas. La inclusi\u00f3n de enlaces externos no implica que el proveedor adopte como propios los contenidos que se encuentran tras la referencia o el enlace. La supervisi\u00f3n constante de estos enlaces externos no es razonable para el&nbsp;proveedor sin indicios concretos de infracciones legales. No obstante, dichos enlaces externos se eliminar\u00e1n inmediatamente si se tiene conocimiento de infracciones legales.<\/p>\n\n\n\n<p>3. derechos de autor y derechos conexos<br>Los contenidos publicados en este sitio web est\u00e1n sujetos a la legislaci\u00f3n alemana sobre derechos de autor y derechos afines. Cualquier uso no permitido por la legislaci\u00f3n alemana sobre derechos de autor y derechos conexos requiere el consentimiento previo por escrito del proveedor o del respectivo titular de los derechos. Esto se aplica en&nbsp;particular a la copia, edici\u00f3n, traducci\u00f3n, almacenamiento, procesamiento o reproducci\u00f3n de contenidos en bases de datos u otros medios y sistemas electr\u00f3nicos. Los contenidos y derechos de terceros est\u00e1n marcados como tales. La reproducci\u00f3n o transmisi\u00f3n no autorizada de contenidos individuales o p\u00e1ginas completas no est\u00e1 permitida y&nbsp;est\u00e1 penada por la ley. S\u00f3lo se permite la producci\u00f3n de copias y descargas para uso personal, privado y no comercial. La visualizaci\u00f3n de este sitio web en marcos externos s\u00f3lo est\u00e1 permitida con autorizaci\u00f3n por escrito.<\/p>\n\n\n\n<p>4. protecci\u00f3n de datos<br>Al visitar el sitio web del proveedor, se puede almacenar informaci\u00f3n sobre el acceso (fecha, hora, p\u00e1gina visitada). Estos datos no pertenecen a datos personales, sino que est\u00e1n anonimizados. Se eval\u00faan exclusivamente con fines estad\u00edsticos. No se transmiten a terceros con fines comerciales o no comerciales. Consulte la declaraci\u00f3n de&nbsp;protecci\u00f3n de datos. El proveedor se\u00f1ala expresamente que la transmisi\u00f3n de datos en Internet (por ejemplo, la comunicaci\u00f3n por correo electr\u00f3nico) est\u00e1 sujeta a lagunas de seguridad y no puede protegerse completamente contra el acceso de terceros. No se desea expresamente el uso de los datos de contacto del pie de imprenta para&nbsp;publicidad comercial, a menos que el proveedor haya dado su consentimiento previo por escrito o que ya exista una relaci\u00f3n comercial. El proveedor y todas las personas mencionadas en este sitio web se oponen por la presente a cualquier uso comercial y divulgaci\u00f3n de sus datos.<\/p>\n\n\n\n<p>5 Condiciones especiales de uso<br>En la medida en que las condiciones especiales para usos individuales de este sitio web difieran de las mencionadas en los n\u00fameros 1 a 4, esto se indicar\u00e1 expresamente en el lugar correspondiente. En este caso, se aplicar\u00e1n las condiciones de uso especiales en el caso individual respectivo.<\/p>\n\n\n\n<p>Fuente: Descargo de responsabilidad de www.Juraforum.de<\/p>\n","protected":false},"excerpt":{"rendered":"<p>\u00abPresa del sue\u00f1o (Traumbeute)\u00bb es un proyecto del espacio de proyectos Fraktalwerk. El copyright y<a class=\"moretag\" href=\"https:\/\/traumbeute.de\/es\/impressum\"> [&#8230;]<\/a><\/p>\n","protected":false},"author":1,"featured_media":0,"parent":0,"menu_order":0,"comment_status":"closed","ping_status":"closed","template":"","meta":{"footnotes":""},"_links":{"self":[{"href":"https:\/\/traumbeute.de\/es\/wp-json\/wp\/v2\/pages\/1107"}],"collection":[{"href":"https:\/\/traumbeute.de\/es\/wp-json\/wp\/v2\/pages"}],"about":[{"href":"https:\/\/traumbeute.de\/es\/wp-json\/wp\/v2\/types\/page"}],"author":[{"embeddable":true,"href":"https:\/\/traumbeute.de\/es\/wp-json\/wp\/v2\/users\/1"}],"replies":[{"embeddable":true,"href":"https:\/\/traumbeute.de\/es\/wp-json\/wp\/v2\/comments?post=1107"}],"version-history":[{"count":4,"href":"https:\/\/traumbeute.de\/es\/wp-json\/wp\/v2\/pages\/1107\/revisions"}],"predecessor-version":[{"id":1118,"href":"https:\/\/traumbeute.de\/es\/wp-json\/wp\/v2\/pages\/1107\/revisions\/1118"}],"wp:attachment":[{"href":"https:\/\/traumbeute.de\/es\/wp-json\/wp\/v2\/media?parent=1107"}],"curies":[{"name":"wp","href":"https:\/\/api.w.org\/{rel}","templated":true}]}}