{"id":1302,"date":"2020-07-01T18:46:38","date_gmt":"2020-07-01T16:46:38","guid":{"rendered":"https:\/\/traumbeute.de\/traumstation-ein-kirchhof-mitten-im-wald"},"modified":"2023-01-01T12:49:18","modified_gmt":"2023-01-01T11:49:18","slug":"traumstation-ein-kirchhof-mitten-im-wald","status":"publish","type":"page","link":"https:\/\/traumbeute.de\/es\/traumstation-ein-kirchhof-mitten-im-wald","title":{"rendered":"Traumstation: Un cementerio en medio del bosque"},"content":{"rendered":"\n<p>Lamentablemente, a\u00fan no se dispone de traducci\u00f3n. Estamos trabajando en ello.<\/p>\n\n\n\n<p><strong>09.04.2020<\/strong><\/p>\n\n\n\n<p>Liebe Frau S<\/p>\n\n\n\n<p>vielen Dank f\u00fcr Ihr Vertrauen und Ihr Interesse und vor allem f\u00fcr Ihren so spannenden Traum. Wir schicken Ihnen im Anhang unsere Deutung schriftlich zur\u00fcck und hoffen, dass Sie etwas mit ihr anfangen k\u00f6nnen, dass sie Ihnen auch Spass macht. Wir haben Ihre Tr\u00e4ume gemeinsam zu dritt gedeutet, weil so das Verst\u00e4ndnis nochmals breiter und interessanter wird &#8211; und davon eine Tonaufnahme gemacht. Wenn Sie Interesse daran haben, k\u00f6nnen wir Ihnen diese Aufnahme gerne schicken.<\/p>\n\n\n\n<p>Tr\u00e4ume auf diese Art, die sich von der Situation in der Praxis durchaus unterscheidet, zu deuten, ist f\u00fcr uns ein Erlebnis und ein Gl\u00fcck, bei dem man immer wieder neue Erfahrungen machen kann und wird. Deshalb wollen wir Sie auch fragen, ob Sie eventuell damit einverstanden w\u00e4ren, wenn wir Ihren Traum und die Deutung dazu &#8211; die nat\u00fcrlich Ihnen ist, das ist keine Frage &#8211; eventuell auch ver\u00f6ffentlichen w\u00fcrden. Falls ja, w\u00fcrden wir Ihren Traum und unser gemeinsames Gespr\u00e4ch dazu gerne als Podcast ver\u00f6ffentlichen. Dies selbstredend in anonymisierter Form, so also, dass keine Angaben zu Ihrer Person erkennbar sind und auch etwaige Personen- und St\u00e4dtenamen im Traumtext unkenntlich gemacht werden. Es w\u00fcrde einen Eindruck davon geben, was Tr\u00e4ume sein k\u00f6nnen, was alles in ihnen ist, was sie mit uns machen. Aber selbstverst\u00e4ndlich w\u00fcrden wir das nur mit Ihrer ausdr\u00fccklichen Einwilligung tun &#8211; das versteht sich von selbst. Wenn Sie es nicht m\u00f6chten, ist das \u00fcberhaupt kein Problem, wir verstehen es bestens, es ist Ihr gutes Recht.<\/p>\n\n\n\n<p>Aber nochmals: Vor allem hoffen wir, dass Sie unsere Sichtweise auf Ihren Traum anspricht und Ihr Interesse weckt.<\/p>\n\n\n\n<p><strong>Traumstation: Deutung des Traums \u201c<a href=\"http:\/\/traumbeute.de\/ein-kirchhof-mitten-im-wald\" target=\"_blank\" rel=\"noopener\">Ein Kirchhof mitten im Wald<\/a>\u201d (im Podcast der Traumstation <a href=\"https:\/\/podcasts.apple.com\/de\/podcast\/traumstation\/id1508115847?i=1000472657721\" target=\"_blank\" rel=\"noopener\">Traum 6<\/a>)<\/strong><\/p>\n\n\n\n<p>In ihrer Zuschrift schreibt die Tr\u00e4umerin vom Albtraum \u201cda draussen\u201d, von der Coronavirus-Pandemie und den Massnahmen dagegen, vom \u201cAlbtraum, der durch die Strassen weht, sich in Windf\u00e4ngen von Superm\u00e4rkten verf\u00e4ngt, aus Desinfektionsflaschen zu uns her\u00fcberweht, uns einnebelt\u201d, und schreibt: \u201cDann lieber tr\u00e4umen \u2026\u201d Der Traum aber, den sie uns zuschickt, ist keine faszinierende Idylle \u201cda drinnen\u201d, kein sch\u00f6nes Refugium, kein \u201csicherer innerer Ort\u201d, sondern auch dieser Traum nimmt den Albtraum da draussen mit auf, erf\u00e4hrt eine atemberaubende Beschleunigung, treibt aus dem Innen heraus, es weht ihn bis zu uns heran, an die Traumstation.<\/p>\n\n\n\n<p>Ein faszinierender Traum, und mit jedem Lesen leuchten neue Facetten auf. Auff\u00e4llig an dem Traum ist zun\u00e4chst &#8211; wenn man vom Inhaltlichen zun\u00e4chst einmal absieht &#8211; der Umgang mit Beleuchtung, mit Farbe und mit Bewegung. Zu Anfang ist alles statisch, ein Standbild, alles scheint seit 100 Jahren genau gleich dort zu stehen, wie angestaubt, tr\u00fcbe, in Braunt\u00f6nen. Aber ganz so statisch und abgeschlossen ist das Bild dann doch nicht: Die Tr\u00e4umerin stolpert zun\u00e4chst \u00fcber eine aufgerollte Teppichbr\u00fccke, und st\u00fcrzt dann in eine Fotographie, die zunehmend Bewegung, Farbe und den Charakter eines Gem\u00e4ldes annimmt &#8211; von einer Dokumentation zu etwas Dynamischem, was man selber schafft -, der Rahmen wird vergoldet, die Beleuchtung steigert sich zur hellen Mittagssonne. Die Bewegung steigert sich zunehmend zur Flucht, und zugleich auch zur Jagd, alles ger\u00e4t durcheinander, bald ist schon gar nicht mehr klar, wer jagt und wer gejagt wird.<\/p>\n\n\n\n<p>Die W\u00f6lfe tragen pl\u00f6tzlich Engelszeichen, die Kaninchen geh\u00f6ren pl\u00f6tzlich zur jagenden Meute &#8211; und auch die Tr\u00e4umerin scheint sich nicht bloss auf der Flucht, sondern auch auf der Jagd zu befinden, wird doch die Perspektive der Tr\u00e4umerin auf einmal sehr unklar: Sie h\u00f6rt den keuchenden Atem und sieht die heraush\u00e4ngenden Zungen, obschon die Meute doch hinter ihr sein sollte.<\/p>\n\n\n\n<p>Das macht dann auch Angst &#8211; das Zusammenkommen von Dingen, die nicht zusammengeh\u00f6ren, die Unklarheit der Perspektive &#8211; die Perspektive auch, dass die Tr\u00e4umerin vielleicht doch auch zur jagenden Meute geh\u00f6rt. Schon zu Beginn hat sich das abgezeichnet, als der braune Holztisch nicht nur in der Ecke stand und von St\u00fchlen und B\u00e4nken umgeben war, sondern eben in die Ecke gedr\u00e4ngt und umzingelt war. Und so sucht die Tr\u00e4umerin einen Ausweg aus dieser atemraubenden Beschleunigung, aus diesem zunehmenden Durcheinander, aus ihrer Mitt\u00e4terschaft als Verfolgerin, ihrer eigenen Lust als J\u00e4gerin, Lust an dem ganzen Keuchen und Jagen &#8211; sie will es aufhalten, die Notbremse ziehen: Sich l\u00e4hmen, Steckenbleiben im Morast, durch ein Loch in der Hecke davonkommen, das Schrebergartentor schliessen &#8211; zur\u00fcck in die biedere Schein-Idylle, sie will das Standbild zur\u00fcck, aber das ist nicht zu haben, wieder wird rasch unklar, wer auf welcher Seite des T\u00f6rchens ist, die Wildsau dr\u00fcckt sich durch, und dann die letzte Notbremse, die Versteinerung der Tr\u00e4umerin, kalter Stein ist sie, als sie den heissen Atem der Chim\u00e4re, des Mischwesens sp\u00fcrt, des Mischwesens, als welches sie sich auch selber erkennt: Kaninchen, Wolf, Wildsau und so vieles mehr.<\/p>\n\n\n\n<p>Von der Dunkelheit ins Licht will die Tr\u00e4umerin, \u201cHier ist es so dunkel, dort wird es hell sein \u2013 hoffe ich.\u201d Vielleicht auch, was ihr Verh\u00e4ltnis zu ihrem Vater anbelangt, aber was heisst das, ins Licht, an die Lichtung? Sie gelangt \u00fcber die Verkl\u00e4rung in die Aufkl\u00e4rung, an die offene Lichtung, aber dort wo es hell ist und man klar und weit sieht, dort wird der Horizont bedrohlich und engt sich ein, der R\u00fcckweg in den Wald ist nicht zu haben, und es geht \u00fcber in diese atemberaubende Verfolgungsjagd.<\/p>\n\n\n\n<p>Ein zu Anfang statisch erscheinendes, eingefrorenes Bild &#8211; vielleicht tats\u00e4chlich auch ein Bild von T\u00e4terschaft und Schuld des Vaters, l\u00e4sst doch die rechte Ecke, der umzingelte Tisch, das Braune auch an das Politische denken &#8211; bekommt Risse, ger\u00e4t gewaltig in Bewegung, in eine Bewegung, die auch T\u00e4terschaft und Schuld der Tr\u00e4umerin selbst zum Vorschein bringt, in eine Bewegung, die sich nicht aufhalten l\u00e4sst, allem Steckenbleiben und Versteinern zum Trotz. Ist das, ist der Traum, diese Bewegung das Geschenk an den Vater?<\/p>\n\n\n\n<p>Es kommt also zusammen, was bisher nicht zusammen geh\u00f6rt hat, nicht zusammen gesehen wurde, wie ja auch der Titel schon andeutet: \u201cEin Kirchhof im Wald\u201d, im Wald, wo er ja gar nicht hingeh\u00f6rt, wo auch schon klar wird, dass in diesem Traum die Kirche nicht im Dorf gelassen wird. Ein grosser Wunsch, Zusammenzukommen, mit anderen Menschen &#8211; worauf sich der einleitende Text zur aktuellen Situation, zur Isolation zu Hause auch bezieht, eine Situation ja auch fast wie im Krieg, mit den leeren Strassen -, ein Zusammenkommen mit dem Vater auch, ein Wunsch, der auch Angst macht. Es werden st\u00e4ndig neue Br\u00fccken und \u00dcberg\u00e4nge gebaut, und diese Br\u00fccken sind auch nicht so einfach begehbar und standfest; es stellen sich st\u00e4ndig Bilder ein, die aber auch immer wieder verschwinden &#8211; es sind Br\u00fccken, die nicht unbedingt Halt geben, \u00fcber die man stolpert und st\u00fcrzt.<\/p>\n\n\n\n<p><strong>Mehr zum Traum:<\/strong><\/p>\n\n\n\n<p>Traum: <a href=\"http:\/\/traumbeute.de\/ein-kirchhof-mitten-im-wald\" target=\"_blank\" rel=\"noopener\">Ein Kirchhof mitten im Wald<\/a><\/p>\n\n\n\n<p><a href=\"https:\/\/www.psychoanalyse-zuerich.ch\/missinglink\" target=\"_blank\" rel=\"noopener\">Podcast der Traumstation<\/a> (Traum 6) mit gelesenem Traum und Deutungsgespr\u00e4ch<\/p>\n\n\n\n<p><a href=\"http:\/\/traumbeute.de\/norbert-rath-ein-kirchhof-mitten-im-wald\" target=\"_blank\" rel=\"noopener\">Deutungen von Norbert Rath<\/a> am 03.05. und 10.05.2020<\/p>\n\n\n\n<p><a href=\"http:\/\/traumbeute.de\/frank-werner-pilgram-ein-friedhof-mitten-im-wald\">Deutungen von Frank Werner Pilgram<\/a> am 17.05.2020<\/p>\n","protected":false},"excerpt":{"rendered":"<p>Lamentablemente, a\u00fan no se dispone de traducci\u00f3n. Estamos trabajando en ello. 09.04.2020 Liebe Frau S<a class=\"moretag\" href=\"https:\/\/traumbeute.de\/es\/traumstation-ein-kirchhof-mitten-im-wald\"> [&#8230;]<\/a><\/p>\n","protected":false},"author":1,"featured_media":0,"parent":0,"menu_order":0,"comment_status":"closed","ping_status":"closed","template":"","meta":{"footnotes":""},"_links":{"self":[{"href":"https:\/\/traumbeute.de\/es\/wp-json\/wp\/v2\/pages\/1302"}],"collection":[{"href":"https:\/\/traumbeute.de\/es\/wp-json\/wp\/v2\/pages"}],"about":[{"href":"https:\/\/traumbeute.de\/es\/wp-json\/wp\/v2\/types\/page"}],"author":[{"embeddable":true,"href":"https:\/\/traumbeute.de\/es\/wp-json\/wp\/v2\/users\/1"}],"replies":[{"embeddable":true,"href":"https:\/\/traumbeute.de\/es\/wp-json\/wp\/v2\/comments?post=1302"}],"version-history":[{"count":2,"href":"https:\/\/traumbeute.de\/es\/wp-json\/wp\/v2\/pages\/1302\/revisions"}],"predecessor-version":[{"id":1307,"href":"https:\/\/traumbeute.de\/es\/wp-json\/wp\/v2\/pages\/1302\/revisions\/1307"}],"wp:attachment":[{"href":"https:\/\/traumbeute.de\/es\/wp-json\/wp\/v2\/media?parent=1302"}],"curies":[{"name":"wp","href":"https:\/\/api.w.org\/{rel}","templated":true}]}}