{"id":1309,"date":"2020-07-06T18:00:47","date_gmt":"2020-07-06T16:00:47","guid":{"rendered":"https:\/\/traumbeute.de\/traumstation-gelb-und-gruen"},"modified":"2023-01-01T12:53:23","modified_gmt":"2023-01-01T11:53:23","slug":"traumstation-gelb-und-gruen","status":"publish","type":"page","link":"https:\/\/traumbeute.de\/es\/traumstation-gelb-und-gruen","title":{"rendered":"Traumstation: Amarillo y verde"},"content":{"rendered":"\n<p>Lamentablemente, a\u00fan no se dispone de traducci\u00f3n. Estamos trabajando en ello.<\/p>\n\n\n\n<p><strong>06.04.2020<\/strong><\/p>\n\n\n\n<p>Sehr geehrte M,<\/p>\n\n\n\n<p>vielen Dank f\u00fcr Ihr Interesse an unserer Traumstation, f\u00fcr Ihren spannenden und interessanten Traum. Wir schicken Ihnen unsere Deutung im Anhang zur\u00fcck und hoffen, dass Sie etwas damit anfangen k\u00f6nnen, dass sie Ihnen Spass macht und farbig ist. Bei der Gelegenheit m\u00f6chten wir Sie auch noch fragen, ob Sie eventuell einverstanden w\u00e4ren, wenn wir Ihren Traum zusammen mit der Deutung &#8211; die nat\u00fcrlich Ihnen ist &#8211; eventuell in einer Publikation, die wir planen ver\u00f6ffentlichen w\u00fcrden. Selbstverst\u00e4ndlich werden wir das nur mit Ihrem Einverst\u00e4ndnis und anonym machen.<\/p>\n\n\n\n<p>Unsere Traumstation ist weiter offen, also vielleicht ergibt sich wieder eine Gelegenheit.<\/p>\n\n\n\n<p>Mit freundlichen Gr\u00fcssen<\/p>\n\n\n\n<p>Ihre Traumstation<\/p>\n\n\n\n<p><strong>Traumstation: Deutung des Traums <a href=\"http:\/\/traumbeute.de\/gelb-und-gruen\" target=\"_blank\" rel=\"noopener\">Gelb und Gr\u00fcn<\/a> (in der Nummerierung der Traumstation Traum 25)<\/strong><\/p>\n\n\n\n<p>Blau und Gelb geben gr\u00fcn. Blau und Gelb sind Prim\u00e4rfarben, gr\u00fcn ist eine Sekund\u00e4rfarbe, die durch Mischung entsteht. Traum und Wirklichkeit gehen ineinander \u00fcber in dieser Erz\u00e4hlung, von der man den Eindruck hat, dass sie changiert, von der Traumerz\u00e4hlung zur Erz\u00e4hlung wird, vom Traum zur Wirklichkeit, die eine traumhafte bleibt, die ganz wirklich werden, so auch schmecken und riechen kann.<\/p>\n\n\n\n<p>Auf jeden Fall scheint die Vermischung eine Rolle zu spielen \u2013 zusammen mit dem Alleinsein, das aber ein Zur\u00fcckgebliebensein ist, also nicht ein prim\u00e4res, sondern ein sekund\u00e4res Alleinsein, offensichtlich eines, das durch eine andere Vermischung und das zur\u00fcckbleiben, durch ein zur\u00fcck entstanden ist.<\/p>\n\n\n\n<p>\u00dcberhaupt scheint die Tr\u00e4umerin nicht nur den Koffer, der immer schwerer wird, in der Hand zu haben, sondern auch den Schritt der Figur, die auf den Zug zul\u00e4uft, zugeht, mit ihrem Wimpernschlag zu beschleunigen, zu takten, zu steuern. Sie treffen dann aufeinander auf der hinteren Plattform, auf der R\u00fcckseite des Zuges, was ja bereits ein Ausdruck f\u00fcr den R\u00fcckzug sein k\u00f6nnte, den sie dann auch wirklich antritt, aus der Begegnung wird eine Trennung, wird ein Wechsel der Positionen im Zug, sie bleibt ausserhalb des Zuges, zur\u00fcckgezogen. So wacht sie auch auf, heisst es am Schluss, am Koffer hat sich nichts ge\u00e4ndert, er ist wie gestern im Flur, eingepackt hat sie den Wunsch dazuzugeh\u00f6ren. Der ist also im Koffer, dieser Wunsch. Im Koffer eingeschlossen und wird ihr zu schwer, sie will ihn loshaben, sie reicht ihm den Koffer mit dem Wunsch darin, er geht mit ihm in den Zug, wird auch dazugeh\u00f6ren und nicht allein sein. Der Koffer war ihr zu schwer geworden, deshalb musste der Zug anhalten, damit sie aussteigen kann, den Wunsch loswerden kann dazuzugeh\u00f6ren.<\/p>\n\n\n\n<p>Aber was macht sie ohne Wunsch? Er bleibt ganz offensichtlich heiss, auch wenn sie allein auf weiter Flur ist. Die Hitze wird sie nicht los, es scheint, dass der Wunsch im Koffer nicht nur schwer, sondern auch heiss ist. Jetzt ist nur noch sie und die Hitze, wie sp\u00e4ter der Schutzengel und sie und wovor soll er sie denn sch\u00fctzen, der Schutzengel, die eine sie ist? Vor der Hitze? Oder vor der anderen im Zug, mit der sie gewesen ist? Muss er ihr gestatten, die Einladung anzunehmen, da scheint eine Erlaubnis n\u00f6tig zu sein. Und wenn zu uns dann sagt, die Tr\u00e4umerin: \u201eHereinspaziert\u201c, dann ist es wie mit der Figur, die auf den Zug zukommt, deren Schritte, deren Geschwindigkeit ihr Wimpernschlag und sie steuern.<\/p>\n\n\n\n<p>Aber vielleicht ist es genau umgekehrt, dass sie nicht hereinspazieren kann, sondern sich in den R\u00fcckzug begeben muss, auf die hintere Plattform. \u201eW\u00fcnsche tauchen ungebeten auf\u201c, so heisst es, \u201emich erneut auf Reise zu begeben\u201c. \u201eUngebeten\u201c sind sie, diese W\u00fcnsche. Sie kann sie nicht bitten, sie kann sie nicht wollen. Vielleicht ist doch das die Schwierigkeit, dass sich dann das Blau der Nacht nicht vermisst mit dem Gelb des Tages und des Feldes, und so dann alles vergilbt und man k\u00f6nnte fast meinen vertrocknet. Blau und Gelb sind nicht Komplement\u00e4rfarben, sie ergeben zusammen Gr\u00fcn. Das gr\u00fcne Licht, die freie Fahrt entsteht durch deren Vermischung.<\/p>\n\n\n\n<p>Die Bilder des Traumes sind stark, die Worte sind stark, sie wirken wie gesetzt, sie stimmen und sie passen. So wie der Drehschwindel. Er ist ein Schwindel, weil er beim \u201erein\u201c schon wieder \u201eraus\u201c geht, \u201enach vorne\u201c ist schon wieder \u201ezur\u00fcck\u201c. Das ist der Drehschwindel, die Dreht\u00fcre, in dem sie kreist und sich bewegt, der Koffer am Morgen ist so wie am Abend, der Traum schickt sie auf Reisen, die schon wieder aufgeh\u00f6rt haben, dort ankommen, wo sie noch nicht abgefahren sind. Der Drehschwindel ist ein Schwindel, weil er schwindelt, weil er vorgibt und dann wieder zur\u00fcckgibt und er macht schwindlig. Und dann kommt es ja auch: \u201eDU.MUSST.NUR.WOLLEN.\u201c Das ist die andere Seite von dem \u201eUngebeten\u201c. Ist sie ungebeten? Das macht nicht den Eindruck, sie wird doch eingeladen, die Figur kommt doch auf sie zu, die Frau scheint nicht sie nicht gewollt zu haben. Sie wollte nicht. DU.MUSST.NUR.WOLLEN. Buchstabe f\u00fcr Buchstabe. GROSS. UN\u00dcBERSEHBAR. Und sie wird zornig, sie will es nicht lesen, sie will es nicht h\u00f6ren \u2013 es ist ganz still, dabei ist es doch so laut, so un\u00fcberh\u00f6rbar laut \u2013, die Buchstaben der Theorie scheinen sie mehr zu interessieren, weil sie sie nichts angehen. Das geht sie an. Aber sie nicht heran, sondern zur\u00fcck auf dem R\u00fcckzug im Zug befindet sie sich.<\/p>\n\n\n\n<p>So k\u00f6nnen wir nur eines: Den Wunsch auspacken, aus dem Koffer, in dem er eingeschlossen ist, sich nicht bewegen kann, immer schwerer wird. Wir k\u00f6nnen ihn nur auspacken, wenn wir die Einladung annehmen, was wir sehr gerne getan haben und tun, eine wunderbare Einladung, wir kommen auf sie zu, auf die Tr\u00e4umerin, mit diesem Wunsch, der eigentlich nicht ungebeten ist, sie hat uns doch um ihn gebeten, der doch nichts anderes will, als dass sie ihn nimmt, ihn annimmt, dass er zu ihrem wird \u2013 da hilft doch auch der Zorn nicht, der ist wirklich kalt und eiskalt, aber diese K\u00e4lte hilft ja offensichtlich nicht gegen die Hitze. Ihr kann man nicht entkommen, man muss sie nehmen, denn sie ist der Wunsch, dieses Geschenk. Gestattet oder nicht.<\/p>\n\n\n\n<p>Mehr zum Traum:<\/p>\n\n\n\n<p>Traum: <a href=\"http:\/\/traumbeute.de\/traumstation-gelb-und-gruen\" target=\"_blank\" rel=\"noopener\">Gelb und Gr\u00fcn<\/a><\/p>\n\n\n\n<p><a href=\"https:\/\/www.psychoanalyse-zuerich.ch\/missinglink\" target=\"_blank\" rel=\"noopener noreferrer\">Podcast der Traumstation<\/a> zum Folgetraum \u00ab<a href=\"http:\/\/traumbeute.de\/hotel-abgrund\" target=\"_blank\" rel=\"noopener\">Hotel Abgrund<\/a>\u00bb (Traum 31) mit Bezugnahme auf Traum \u00abGelb und Gr\u00fcn\u00bb<\/p>\n","protected":false},"excerpt":{"rendered":"<p>Lamentablemente, a\u00fan no se dispone de traducci\u00f3n. Estamos trabajando en ello. 06.04.2020 Sehr geehrte M,<a class=\"moretag\" href=\"https:\/\/traumbeute.de\/es\/traumstation-gelb-und-gruen\"> [&#8230;]<\/a><\/p>\n","protected":false},"author":1,"featured_media":0,"parent":0,"menu_order":0,"comment_status":"closed","ping_status":"closed","template":"","meta":{"footnotes":""},"_links":{"self":[{"href":"https:\/\/traumbeute.de\/es\/wp-json\/wp\/v2\/pages\/1309"}],"collection":[{"href":"https:\/\/traumbeute.de\/es\/wp-json\/wp\/v2\/pages"}],"about":[{"href":"https:\/\/traumbeute.de\/es\/wp-json\/wp\/v2\/types\/page"}],"author":[{"embeddable":true,"href":"https:\/\/traumbeute.de\/es\/wp-json\/wp\/v2\/users\/1"}],"replies":[{"embeddable":true,"href":"https:\/\/traumbeute.de\/es\/wp-json\/wp\/v2\/comments?post=1309"}],"version-history":[{"count":2,"href":"https:\/\/traumbeute.de\/es\/wp-json\/wp\/v2\/pages\/1309\/revisions"}],"predecessor-version":[{"id":1313,"href":"https:\/\/traumbeute.de\/es\/wp-json\/wp\/v2\/pages\/1309\/revisions\/1313"}],"wp:attachment":[{"href":"https:\/\/traumbeute.de\/es\/wp-json\/wp\/v2\/media?parent=1309"}],"curies":[{"name":"wp","href":"https:\/\/api.w.org\/{rel}","templated":true}]}}